{"id":14,"date":"2023-11-25T15:55:34","date_gmt":"2023-11-25T14:55:34","guid":{"rendered":"http:\/\/mariecabrejas.fr\/?page_id=14"},"modified":"2025-12-04T14:48:07","modified_gmt":"2025-12-04T13:48:07","slug":"homepage","status":"publish","type":"page","link":"https:\/\/mariecabrejas.fr\/","title":{"rendered":"Bienvenue"},"content":{"rendered":"\n<div class=\"wp-block-cover alignfull is-light has-parallax\" style=\"min-height:493px;aspect-ratio:unset;\"><div class=\"wp-block-cover__image-background wp-image-56 has-parallax\" style=\"background-position:50% 50%;background-image:url(http:\/\/mariecabrejas.fr\/wp-content\/uploads\/2023\/11\/Design-sans-titre.png)\"><\/div><span aria-hidden=\"true\" class=\"wp-block-cover__background has-background-dim-20 has-background-dim\"><\/span><div class=\"wp-block-cover__inner-container is-layout-constrained wp-block-cover-is-layout-constrained\">\n<p class=\"has-text-align-center has-nv-text-dark-bg-color has-text-color\" style=\"font-size:50px;font-style:normal;font-weight:900;line-height:1.2\">Une vie saine et \u00e9panouie gr\u00e2ce \u00e0 la naturopathie<\/p>\n\n\n\n<p class=\"has-text-align-center has-white-color has-text-color has-medium-font-size\" style=\"font-style:normal;font-weight:500\"><\/p>\n\n\n\n<div style=\"height:55px\" aria-hidden=\"true\" class=\"wp-block-spacer\"><\/div>\n\n\n\n<div class=\"wp-block-buttons has-custom-font-size has-medium-font-size is-vertical is-content-justification-center is-nowrap is-layout-flex wp-container-core-buttons-is-layout-f22fa84d wp-block-buttons-is-layout-flex\">\n<div class=\"wp-block-button is-style-outline is-style-secondary is-style-outline--1\"><a class=\"wp-block-button__link has-nv-site-bg-color has-text-color has-small-font-size has-text-align-center has-custom-font-size wp-element-button\" href=\"https:\/\/calendly.com\/marie-cabrejas-naturo\/premiere-seance-de-naturopathie\" style=\"border-radius:100px\" target=\"_blank\" rel=\"noreferrer noopener\">PRENDRE RENDEZ-VOUS<\/a><\/div>\n<\/div>\n<\/div><\/div>\n\n\n\n<div class=\"wp-block-group\"><div class=\"wp-block-group__inner-container is-layout-constrained wp-block-group-is-layout-constrained\">\n<div style=\"height:47px\" aria-hidden=\"true\" class=\"wp-block-spacer\"><\/div>\n\n\n\n<div style=\"height:47px\" aria-hidden=\"true\" class=\"wp-block-spacer\"><\/div>\n\n\n\n<h4 class=\"wp-block-heading has-text-align-center has-medium-font-size\" style=\"letter-spacing:1px\">R\u00e9veillez le potentiel naturel de votre corps<\/h4>\n\n\n\n<p class=\"has-text-align-center\">La naturopathie utilise des m\u00e9thodes naturelles pour soutenir le processus d\u2019auto-gu\u00e9rison<br>de votre corps. C\u2019est une approche holistique qui tient compte de l\u2019\u00e9quilibre entre votre corps, votre esprit et votre environnement.<\/p>\n\n\n\n<div class=\"wp-block-buttons is-horizontal is-content-justification-center is-layout-flex wp-container-core-buttons-is-layout-499968f5 wp-block-buttons-is-layout-flex\">\n<div class=\"wp-block-button is-style-outline is-style-secondary is-style-outline--2\"><a class=\"wp-block-button__link has-neve-text-color-color has-nv-text-dark-bg-background-color has-text-color has-background has-link-color has-small-font-size has-custom-font-size wp-element-button\" href=\"https:\/\/mariecabrejas.fr\/index.php\/81-2\/\" style=\"border-radius:100px\">EN SAVOIR PLUS<\/a><\/div>\n<\/div>\n\n\n\n<div style=\"height:47px\" aria-hidden=\"true\" class=\"wp-block-spacer\"><\/div>\n\n\n\n<div class=\"wp-block-cover alignfull\" style=\"min-height:158px;aspect-ratio:unset;\"><span aria-hidden=\"true\" class=\"wp-block-cover__background has-nv-c-2-background-color has-background-dim-80 has-background-dim\"><\/span><div class=\"wp-block-cover__inner-container is-layout-constrained wp-block-cover-is-layout-constrained\">\n<p class=\"has-text-align-center has-large-font-size\">Consultation sur Basse-Goulaine et en visioconf\u00e9rence <\/p>\n<\/div><\/div>\n\n\n\n<div style=\"height:43px\" aria-hidden=\"true\" class=\"wp-block-spacer\"><\/div>\n<\/div><\/div>\n\n\n<div class=\"wp-block-image is-style-circle-mask\">\n<figure class=\"aligncenter size-large is-resized\"><img loading=\"lazy\" decoding=\"async\" width=\"769\" height=\"1024\" src=\"http:\/\/mariecabrejas.fr\/wp-content\/uploads\/2024\/04\/1cb3baf6-3ba4-4ba7-b0ed-f1eaf0aee991-769x1024.jpg\" alt=\"\" class=\"wp-image-609\" style=\"aspect-ratio:1;object-fit:cover;width:272px;height:auto\" srcset=\"https:\/\/mariecabrejas.fr\/wp-content\/uploads\/2024\/04\/1cb3baf6-3ba4-4ba7-b0ed-f1eaf0aee991-769x1024.jpg 769w, https:\/\/mariecabrejas.fr\/wp-content\/uploads\/2024\/04\/1cb3baf6-3ba4-4ba7-b0ed-f1eaf0aee991-225x300.jpg 225w, https:\/\/mariecabrejas.fr\/wp-content\/uploads\/2024\/04\/1cb3baf6-3ba4-4ba7-b0ed-f1eaf0aee991-768x1022.jpg 768w, https:\/\/mariecabrejas.fr\/wp-content\/uploads\/2024\/04\/1cb3baf6-3ba4-4ba7-b0ed-f1eaf0aee991-1154x1536.jpg 1154w, https:\/\/mariecabrejas.fr\/wp-content\/uploads\/2024\/04\/1cb3baf6-3ba4-4ba7-b0ed-f1eaf0aee991-1539x2048.jpg 1539w, https:\/\/mariecabrejas.fr\/wp-content\/uploads\/2024\/04\/1cb3baf6-3ba4-4ba7-b0ed-f1eaf0aee991-scaled.jpg 1923w\" sizes=\"auto, (max-width: 769px) 100vw, 769px\" \/><\/figure>\n<\/div>\n\n\n<div style=\"height:37px\" aria-hidden=\"true\" class=\"wp-block-spacer\"><\/div>\n\n\n\n<h4 class=\"wp-block-heading has-text-align-center\">Dans quel cas consulter ?<\/h4>\n\n\n\n<div style=\"height:25px\" aria-hidden=\"true\" class=\"wp-block-spacer\"><\/div>\n\n\n\n<div class=\"wp-block-columns is-layout-flex wp-container-core-columns-is-layout-9d6595d7 wp-block-columns-is-layout-flex\">\n<div class=\"wp-block-column is-layout-flow wp-block-column-is-layout-flow\"><div class=\"wp-block-image\">\n<figure class=\"aligncenter size-thumbnail is-resized\"><img loading=\"lazy\" decoding=\"async\" width=\"150\" height=\"150\" src=\"https:\/\/mariecabrejas.fr\/wp-content\/uploads\/2023\/12\/mere-1-150x150.png\" alt=\"\" class=\"wp-image-391\" style=\"width:80px\" srcset=\"https:\/\/mariecabrejas.fr\/wp-content\/uploads\/2023\/12\/mere-1-150x150.png 150w, https:\/\/mariecabrejas.fr\/wp-content\/uploads\/2023\/12\/mere-1-300x300.png 300w, https:\/\/mariecabrejas.fr\/wp-content\/uploads\/2023\/12\/mere-1.png 512w\" sizes=\"auto, (max-width: 150px) 100vw, 150px\" \/><\/figure>\n<\/div>\n\n\n<h5 class=\"wp-block-heading alignwide has-text-align-center\">Maternit\u00e9<\/h5>\n\n\n\n<p>Optimisation de sa fertilit\u00e9, mise en place d&rsquo;habitudes saines, accompagnement grossesse, soutien postpartum, suivi du b\u00e9b\u00e9 (allaitement, diversification, alimentation, &#8230;).<\/p>\n<\/div>\n\n\n\n<div class=\"wp-block-column is-layout-flow wp-block-column-is-layout-flow\"><div class=\"wp-block-image\">\n<figure class=\"aligncenter size-full is-resized\"><img loading=\"lazy\" decoding=\"async\" width=\"512\" height=\"512\" src=\"https:\/\/mariecabrejas.fr\/wp-content\/uploads\/2023\/12\/intestin.png\" alt=\"\" class=\"wp-image-392\" style=\"width:80px\" srcset=\"https:\/\/mariecabrejas.fr\/wp-content\/uploads\/2023\/12\/intestin.png 512w, https:\/\/mariecabrejas.fr\/wp-content\/uploads\/2023\/12\/intestin-300x300.png 300w, https:\/\/mariecabrejas.fr\/wp-content\/uploads\/2023\/12\/intestin-150x150.png 150w\" sizes=\"auto, (max-width: 512px) 100vw, 512px\" \/><\/figure>\n<\/div>\n\n\n<h5 class=\"wp-block-heading has-text-align-center\">Digestion<\/h5>\n\n\n\n<p class=\"my-justify-class\">Accompagnement des maladies inflammatoires de l&rsquo;intestin, des intolerances alimentaire, des douleurs, des troubles du transit, prendre soin de sa digestion et de son foie.<\/p>\n<\/div>\n\n\n\n<div class=\"wp-block-column is-layout-flow wp-block-column-is-layout-flow\"><div class=\"wp-block-image\">\n<figure class=\"aligncenter size-full is-resized\"><img loading=\"lazy\" decoding=\"async\" width=\"512\" height=\"512\" src=\"https:\/\/mariecabrejas.fr\/wp-content\/uploads\/2023\/12\/les-hormones.png\" alt=\"\" class=\"wp-image-393\" style=\"width:80px\" srcset=\"https:\/\/mariecabrejas.fr\/wp-content\/uploads\/2023\/12\/les-hormones.png 512w, https:\/\/mariecabrejas.fr\/wp-content\/uploads\/2023\/12\/les-hormones-300x300.png 300w, https:\/\/mariecabrejas.fr\/wp-content\/uploads\/2023\/12\/les-hormones-150x150.png 150w\" sizes=\"auto, (max-width: 512px) 100vw, 512px\" \/><\/figure>\n<\/div>\n\n\n<h5 class=\"wp-block-heading has-text-align-center\">Troubles hormonaux<\/h5>\n\n\n\n<p class=\"my-justify-class\">Perturbations du cycle menstruel, m\u00e9nopause, endom\u00e9triose, SPOK, d\u00e9r\u00e8glement de la thyro\u00efde, insulino-r\u00e9sistance, diab\u00e8te\u2026<\/p>\n<\/div>\n<\/div>\n\n\n\n<div class=\"wp-block-columns is-layout-flex wp-container-core-columns-is-layout-9d6595d7 wp-block-columns-is-layout-flex\">\n<div class=\"wp-block-column is-layout-flow wp-block-column-is-layout-flow\"><div class=\"wp-block-image\">\n<figure class=\"aligncenter size-full is-resized\"><img loading=\"lazy\" decoding=\"async\" width=\"512\" height=\"512\" src=\"https:\/\/mariecabrejas.fr\/wp-content\/uploads\/2023\/12\/zen.png\" alt=\"\" class=\"wp-image-397\" style=\"width:80px\" srcset=\"https:\/\/mariecabrejas.fr\/wp-content\/uploads\/2023\/12\/zen.png 512w, https:\/\/mariecabrejas.fr\/wp-content\/uploads\/2023\/12\/zen-300x300.png 300w, https:\/\/mariecabrejas.fr\/wp-content\/uploads\/2023\/12\/zen-150x150.png 150w\" sizes=\"auto, (max-width: 512px) 100vw, 512px\" \/><\/figure>\n<\/div>\n\n\n<h5 class=\"wp-block-heading has-text-align-center\">Sommeil, stress &amp; \u00e9motions<\/h5>\n\n\n\n<p class=\"my-justify-class\">Gestion des troubles du sommeil, fatigue chronique, difficult\u00e9 \u00e0 g\u00e9rer ses \u00e9motions, \u00e9pisode de d\u00e9prime, &#8230;.<\/p>\n<\/div>\n\n\n\n<div class=\"wp-block-column is-layout-flow wp-block-column-is-layout-flow\"><div class=\"wp-block-image\">\n<figure class=\"aligncenter size-full is-resized\"><img loading=\"lazy\" decoding=\"async\" width=\"512\" height=\"512\" src=\"http:\/\/mariecabrejas.fr\/wp-content\/uploads\/2024\/01\/balance-corporelle.png\" alt=\"\" class=\"wp-image-556\" style=\"width:80px\" srcset=\"https:\/\/mariecabrejas.fr\/wp-content\/uploads\/2024\/01\/balance-corporelle.png 512w, https:\/\/mariecabrejas.fr\/wp-content\/uploads\/2024\/01\/balance-corporelle-300x300.png 300w, https:\/\/mariecabrejas.fr\/wp-content\/uploads\/2024\/01\/balance-corporelle-150x150.png 150w\" sizes=\"auto, (max-width: 512px) 100vw, 512px\" \/><\/figure>\n<\/div>\n\n\n<h5 class=\"wp-block-heading has-text-align-center\">Poids<\/h5>\n\n\n\n<p class=\"my-justify-class\">Perte ou prise de poids, optimiser ses performances sportives, accompagner une prise de muscles, &#8230;.<\/p>\n<\/div>\n\n\n\n<div class=\"wp-block-column is-layout-flow wp-block-column-is-layout-flow\"><div class=\"wp-block-image\">\n<figure class=\"aligncenter size-full is-resized\"><img loading=\"lazy\" decoding=\"async\" width=\"512\" height=\"512\" src=\"https:\/\/mariecabrejas.fr\/wp-content\/uploads\/2023\/12\/peau.png\" alt=\"\" class=\"wp-image-407\" style=\"width:80px\" srcset=\"https:\/\/mariecabrejas.fr\/wp-content\/uploads\/2023\/12\/peau.png 512w, https:\/\/mariecabrejas.fr\/wp-content\/uploads\/2023\/12\/peau-300x300.png 300w, https:\/\/mariecabrejas.fr\/wp-content\/uploads\/2023\/12\/peau-150x150.png 150w\" sizes=\"auto, (max-width: 512px) 100vw, 512px\" \/><\/figure>\n<\/div>\n\n\n<h5 class=\"wp-block-heading has-text-align-center\">Probl\u00e8mes de peau<\/h5>\n\n\n\n<p class=\"my-justify-class\">Eczema, psoriasis, acn\u00e9, rosac\u00e9e, couperose, &#8230;<\/p>\n<\/div>\n<\/div>\n\n\n\n<div class=\"wp-block-columns is-layout-flex wp-container-core-columns-is-layout-9d6595d7 wp-block-columns-is-layout-flex\">\n<div class=\"wp-block-column my-justify-class is-layout-flow wp-block-column-is-layout-flow\"><div class=\"wp-block-image\">\n<figure class=\"aligncenter size-full is-resized\"><img loading=\"lazy\" decoding=\"async\" width=\"512\" height=\"512\" src=\"https:\/\/mariecabrejas.fr\/wp-content\/uploads\/2023\/12\/systeme-immunitaire.png\" alt=\"\" class=\"wp-image-409\" style=\"width:80px\" srcset=\"https:\/\/mariecabrejas.fr\/wp-content\/uploads\/2023\/12\/systeme-immunitaire.png 512w, https:\/\/mariecabrejas.fr\/wp-content\/uploads\/2023\/12\/systeme-immunitaire-300x300.png 300w, https:\/\/mariecabrejas.fr\/wp-content\/uploads\/2023\/12\/systeme-immunitaire-150x150.png 150w\" sizes=\"auto, (max-width: 512px) 100vw, 512px\" \/><\/figure>\n<\/div>\n\n\n<h5 class=\"wp-block-heading has-text-align-center\">Syst\u00e8me immunitaire<\/h5>\n\n\n\n<p class=\"has-text-align-center\">Optimiser sa sant\u00e9 et renforcer ou r\u00e9guler son syst\u00e8me immunitaire. <\/p>\n\n\n\n<p class=\"has-small-font-size\"><\/p>\n<\/div>\n<\/div>\n\n\n\n<div class=\"wp-block-cover alignfull\" style=\"min-height:237px;aspect-ratio:unset;\"><span aria-hidden=\"true\" class=\"wp-block-cover__background has-nv-c-1-background-color has-background-dim-100 has-background-dim\"><\/span><div class=\"wp-block-cover__inner-container is-layout-constrained wp-block-cover-is-layout-constrained\">\n<p class=\"has-text-align-center has-neve-text-color-color has-text-color has-link-color has-medium-font-size wp-elements-15f5fe5203ed179207fe86df273676ad\">Vous souhaitez un premier \u00e9change afin de faire connaissance et \u00e9changer sur votre probl\u00e9matique et la fa\u00e7on dont je peux vous accompagner au mieux pour retrouver votre bien-\u00eatre, n&rsquo;h\u00e9sitez pas \u00e0 r\u00e9server un cr\u00e9neaux pour un appel d\u00e9couverte.<\/p>\n\n\n\n<div class=\"wp-block-buttons alignfull is-content-justification-center is-layout-flex wp-container-core-buttons-is-layout-16018d1d wp-block-buttons-is-layout-flex\">\n<div class=\"wp-block-button is-style-secondary\"><a class=\"wp-block-button__link has-neve-text-color-color has-text-color has-link-color has-text-align-center wp-element-button\" href=\"https:\/\/calendly.com\/marie-cabrejas-naturo\/30min\" style=\"border-radius:100px\" target=\"_blank\" rel=\"noreferrer noopener\">Appel d\u00e9couverte<\/a><\/div>\n<\/div>\n<\/div><\/div>\n","protected":false},"excerpt":{"rendered":"<p>R\u00e9veillez le potentiel naturel de votre corps La naturopathie utilise des m\u00e9thodes naturelles pour soutenir le processus d\u2019auto-gu\u00e9risonde votre corps. C\u2019est une approche holistique qui tient compte de l\u2019\u00e9quilibre entre votre corps, votre esprit et votre environnement. Dans quel cas consulter ? Maternit\u00e9 Optimisation de sa fertilit\u00e9, mise en place d&rsquo;habitudes saines, accompagnement grossesse, soutien&hellip;&nbsp;<a href=\"https:\/\/mariecabrejas.fr\/\" rel=\"bookmark\">Lire la suite &raquo;<span class=\"screen-reader-text\">Bienvenue<\/span><\/a><\/p>\n","protected":false},"author":1,"featured_media":0,"parent":0,"menu_order":0,"comment_status":"closed","ping_status":"closed","template":"","meta":{"_monsterinsights_skip_tracking":false,"_monsterinsights_sitenote_active":false,"_monsterinsights_sitenote_note":"","_monsterinsights_sitenote_category":0,"neve_meta_sidebar":"","neve_meta_container":"default","neve_meta_enable_content_width":"off","neve_meta_content_width":70,"neve_meta_title_alignment":"","neve_meta_author_avatar":"","neve_post_elements_order":"","neve_meta_disable_header":"","neve_meta_disable_footer":"","neve_meta_disable_title":"on","footnotes":""},"class_list":["post-14","page","type-page","status-publish","hentry"],"yoast_head":"<!-- This site is optimized with the Yoast SEO plugin v26.8 - https:\/\/yoast.com\/product\/yoast-seo-wordpress\/ -->\n<title>Naturopathe Basse Goulaine | Marie Cabrejas<\/title>\n<meta name=\"robots\" content=\"index, follow, max-snippet:-1, max-image-preview:large, max-video-preview:-1\" \/>\n<link rel=\"canonical\" href=\"https:\/\/mariecabrejas.fr\/\" \/>\n<meta property=\"og:locale\" content=\"fr_FR\" \/>\n<meta property=\"og:type\" content=\"article\" \/>\n<meta property=\"og:title\" content=\"Naturopathe Basse Goulaine | Marie Cabrejas\" \/>\n<meta property=\"og:description\" content=\"R\u00e9veillez le potentiel naturel de votre corps La naturopathie utilise des m\u00e9thodes naturelles pour soutenir le processus d\u2019auto-gu\u00e9risonde votre corps. C\u2019est une approche holistique qui tient compte de l\u2019\u00e9quilibre entre votre corps, votre esprit et votre environnement. Dans quel cas consulter ? Maternit\u00e9 Optimisation de sa fertilit\u00e9, mise en place d&rsquo;habitudes saines, accompagnement grossesse, soutien&hellip;&nbsp;Lire la suite &raquo;Bienvenue\" \/>\n<meta property=\"og:url\" content=\"https:\/\/mariecabrejas.fr\/\" \/>\n<meta property=\"og:site_name\" content=\"Marie Cabrejas\" \/>\n<meta property=\"article:modified_time\" content=\"2025-12-04T13:48:07+00:00\" \/>\n<meta property=\"og:image\" content=\"https:\/\/mariecabrejas.fr\/wp-content\/uploads\/2024\/04\/1cb3baf6-3ba4-4ba7-b0ed-f1eaf0aee991-scaled.jpg\" \/>\n\t<meta property=\"og:image:width\" content=\"1923\" \/>\n\t<meta property=\"og:image:height\" content=\"2560\" \/>\n\t<meta property=\"og:image:type\" content=\"image\/jpeg\" \/>\n<meta name=\"twitter:card\" content=\"summary_large_image\" \/>\n<meta name=\"twitter:label1\" content=\"Dur\u00e9e de lecture estim\u00e9e\" \/>\n\t<meta name=\"twitter:data1\" content=\"3 minutes\" \/>\n<script type=\"application\/ld+json\" class=\"yoast-schema-graph\">{\"@context\":\"https:\/\/schema.org\",\"@graph\":[{\"@type\":\"WebPage\",\"@id\":\"https:\/\/mariecabrejas.fr\/\",\"url\":\"https:\/\/mariecabrejas.fr\/\",\"name\":\"Naturopathe Basse Goulaine | Marie Cabrejas\",\"isPartOf\":{\"@id\":\"https:\/\/mariecabrejas.fr\/#website\"},\"primaryImageOfPage\":{\"@id\":\"https:\/\/mariecabrejas.fr\/#primaryimage\"},\"image\":{\"@id\":\"https:\/\/mariecabrejas.fr\/#primaryimage\"},\"thumbnailUrl\":\"http:\/\/mariecabrejas.fr\/wp-content\/uploads\/2024\/04\/1cb3baf6-3ba4-4ba7-b0ed-f1eaf0aee991-769x1024.jpg\",\"datePublished\":\"2023-11-25T14:55:34+00:00\",\"dateModified\":\"2025-12-04T13:48:07+00:00\",\"breadcrumb\":{\"@id\":\"https:\/\/mariecabrejas.fr\/#breadcrumb\"},\"inLanguage\":\"fr-FR\",\"potentialAction\":[{\"@type\":\"ReadAction\",\"target\":[\"https:\/\/mariecabrejas.fr\/\"]}]},{\"@type\":\"ImageObject\",\"inLanguage\":\"fr-FR\",\"@id\":\"https:\/\/mariecabrejas.fr\/#primaryimage\",\"url\":\"https:\/\/mariecabrejas.fr\/wp-content\/uploads\/2024\/04\/1cb3baf6-3ba4-4ba7-b0ed-f1eaf0aee991-scaled.jpg\",\"contentUrl\":\"https:\/\/mariecabrejas.fr\/wp-content\/uploads\/2024\/04\/1cb3baf6-3ba4-4ba7-b0ed-f1eaf0aee991-scaled.jpg\",\"width\":1923,\"height\":2560},{\"@type\":\"BreadcrumbList\",\"@id\":\"https:\/\/mariecabrejas.fr\/#breadcrumb\",\"itemListElement\":[{\"@type\":\"ListItem\",\"position\":1,\"name\":\"Accueil\",\"item\":\"https:\/\/mariecabrejas.fr\/\"},{\"@type\":\"ListItem\",\"position\":2,\"name\":\"Bienvenue\"}]},{\"@type\":\"WebSite\",\"@id\":\"https:\/\/mariecabrejas.fr\/#website\",\"url\":\"https:\/\/mariecabrejas.fr\/\",\"name\":\"Marie Cabrejas\",\"description\":\"Naturopathe\",\"publisher\":{\"@id\":\"https:\/\/mariecabrejas.fr\/#organization\"},\"potentialAction\":[{\"@type\":\"SearchAction\",\"target\":{\"@type\":\"EntryPoint\",\"urlTemplate\":\"https:\/\/mariecabrejas.fr\/?s={search_term_string}\"},\"query-input\":{\"@type\":\"PropertyValueSpecification\",\"valueRequired\":true,\"valueName\":\"search_term_string\"}}],\"inLanguage\":\"fr-FR\"},{\"@type\":\"Organization\",\"@id\":\"https:\/\/mariecabrejas.fr\/#organization\",\"name\":\"Marie Cabrejas\",\"url\":\"https:\/\/mariecabrejas.fr\/\",\"logo\":{\"@type\":\"ImageObject\",\"inLanguage\":\"fr-FR\",\"@id\":\"https:\/\/mariecabrejas.fr\/#\/schema\/logo\/image\/\",\"url\":\"https:\/\/mariecabrejas.fr\/wp-content\/uploads\/2023\/11\/cropped-Logo-blanc.png\",\"contentUrl\":\"https:\/\/mariecabrejas.fr\/wp-content\/uploads\/2023\/11\/cropped-Logo-blanc.png\",\"width\":1918,\"height\":578,\"caption\":\"Marie Cabrejas\"},\"image\":{\"@id\":\"https:\/\/mariecabrejas.fr\/#\/schema\/logo\/image\/\"}}]}<\/script>\n<!-- \/ Yoast SEO plugin. -->","yoast_head_json":{"title":"Naturopathe Basse Goulaine | Marie Cabrejas","robots":{"index":"index","follow":"follow","max-snippet":"max-snippet:-1","max-image-preview":"max-image-preview:large","max-video-preview":"max-video-preview:-1"},"canonical":"https:\/\/mariecabrejas.fr\/","og_locale":"fr_FR","og_type":"article","og_title":"Naturopathe Basse Goulaine | Marie Cabrejas","og_description":"R\u00e9veillez le potentiel naturel de votre corps La naturopathie utilise des m\u00e9thodes naturelles pour soutenir le processus d\u2019auto-gu\u00e9risonde votre corps. C\u2019est une approche holistique qui tient compte de l\u2019\u00e9quilibre entre votre corps, votre esprit et votre environnement. Dans quel cas consulter ? Maternit\u00e9 Optimisation de sa fertilit\u00e9, mise en place d&rsquo;habitudes saines, accompagnement grossesse, soutien&hellip;&nbsp;Lire la suite &raquo;Bienvenue","og_url":"https:\/\/mariecabrejas.fr\/","og_site_name":"Marie Cabrejas","article_modified_time":"2025-12-04T13:48:07+00:00","og_image":[{"width":1923,"height":2560,"url":"https:\/\/mariecabrejas.fr\/wp-content\/uploads\/2024\/04\/1cb3baf6-3ba4-4ba7-b0ed-f1eaf0aee991-scaled.jpg","type":"image\/jpeg"}],"twitter_card":"summary_large_image","twitter_misc":{"Dur\u00e9e de lecture estim\u00e9e":"3 minutes"},"schema":{"@context":"https:\/\/schema.org","@graph":[{"@type":"WebPage","@id":"https:\/\/mariecabrejas.fr\/","url":"https:\/\/mariecabrejas.fr\/","name":"Naturopathe Basse Goulaine | Marie Cabrejas","isPartOf":{"@id":"https:\/\/mariecabrejas.fr\/#website"},"primaryImageOfPage":{"@id":"https:\/\/mariecabrejas.fr\/#primaryimage"},"image":{"@id":"https:\/\/mariecabrejas.fr\/#primaryimage"},"thumbnailUrl":"http:\/\/mariecabrejas.fr\/wp-content\/uploads\/2024\/04\/1cb3baf6-3ba4-4ba7-b0ed-f1eaf0aee991-769x1024.jpg","datePublished":"2023-11-25T14:55:34+00:00","dateModified":"2025-12-04T13:48:07+00:00","breadcrumb":{"@id":"https:\/\/mariecabrejas.fr\/#breadcrumb"},"inLanguage":"fr-FR","potentialAction":[{"@type":"ReadAction","target":["https:\/\/mariecabrejas.fr\/"]}]},{"@type":"ImageObject","inLanguage":"fr-FR","@id":"https:\/\/mariecabrejas.fr\/#primaryimage","url":"https:\/\/mariecabrejas.fr\/wp-content\/uploads\/2024\/04\/1cb3baf6-3ba4-4ba7-b0ed-f1eaf0aee991-scaled.jpg","contentUrl":"https:\/\/mariecabrejas.fr\/wp-content\/uploads\/2024\/04\/1cb3baf6-3ba4-4ba7-b0ed-f1eaf0aee991-scaled.jpg","width":1923,"height":2560},{"@type":"BreadcrumbList","@id":"https:\/\/mariecabrejas.fr\/#breadcrumb","itemListElement":[{"@type":"ListItem","position":1,"name":"Accueil","item":"https:\/\/mariecabrejas.fr\/"},{"@type":"ListItem","position":2,"name":"Bienvenue"}]},{"@type":"WebSite","@id":"https:\/\/mariecabrejas.fr\/#website","url":"https:\/\/mariecabrejas.fr\/","name":"Marie Cabrejas","description":"Naturopathe","publisher":{"@id":"https:\/\/mariecabrejas.fr\/#organization"},"potentialAction":[{"@type":"SearchAction","target":{"@type":"EntryPoint","urlTemplate":"https:\/\/mariecabrejas.fr\/?s={search_term_string}"},"query-input":{"@type":"PropertyValueSpecification","valueRequired":true,"valueName":"search_term_string"}}],"inLanguage":"fr-FR"},{"@type":"Organization","@id":"https:\/\/mariecabrejas.fr\/#organization","name":"Marie Cabrejas","url":"https:\/\/mariecabrejas.fr\/","logo":{"@type":"ImageObject","inLanguage":"fr-FR","@id":"https:\/\/mariecabrejas.fr\/#\/schema\/logo\/image\/","url":"https:\/\/mariecabrejas.fr\/wp-content\/uploads\/2023\/11\/cropped-Logo-blanc.png","contentUrl":"https:\/\/mariecabrejas.fr\/wp-content\/uploads\/2023\/11\/cropped-Logo-blanc.png","width":1918,"height":578,"caption":"Marie Cabrejas"},"image":{"@id":"https:\/\/mariecabrejas.fr\/#\/schema\/logo\/image\/"}}]}},"_links":{"self":[{"href":"https:\/\/mariecabrejas.fr\/index.php\/wp-json\/wp\/v2\/pages\/14","targetHints":{"allow":["GET"]}}],"collection":[{"href":"https:\/\/mariecabrejas.fr\/index.php\/wp-json\/wp\/v2\/pages"}],"about":[{"href":"https:\/\/mariecabrejas.fr\/index.php\/wp-json\/wp\/v2\/types\/page"}],"author":[{"embeddable":true,"href":"https:\/\/mariecabrejas.fr\/index.php\/wp-json\/wp\/v2\/users\/1"}],"replies":[{"embeddable":true,"href":"https:\/\/mariecabrejas.fr\/index.php\/wp-json\/wp\/v2\/comments?post=14"}],"version-history":[{"count":101,"href":"https:\/\/mariecabrejas.fr\/index.php\/wp-json\/wp\/v2\/pages\/14\/revisions"}],"predecessor-version":[{"id":775,"href":"https:\/\/mariecabrejas.fr\/index.php\/wp-json\/wp\/v2\/pages\/14\/revisions\/775"}],"wp:attachment":[{"href":"https:\/\/mariecabrejas.fr\/index.php\/wp-json\/wp\/v2\/media?parent=14"}],"curies":[{"name":"wp","href":"https:\/\/api.w.org\/{rel}","templated":true}]}}