{"id":15,"date":"2023-11-25T15:55:34","date_gmt":"2023-11-25T14:55:34","guid":{"rendered":"http:\/\/mariecabrejas.fr\/?page_id=15"},"modified":"2025-09-18T14:48:45","modified_gmt":"2025-09-18T12:48:45","slug":"about","status":"publish","type":"page","link":"https:\/\/mariecabrejas.fr\/index.php\/about\/","title":{"rendered":"About"},"content":{"rendered":"\n<div class=\"wp-block-cover alignfull is-light has-parallax has-small-font-size\"><div class=\"wp-block-cover__image-background wp-image-268 has-parallax\" style=\"background-position:50% 50%;background-image:url(https:\/\/mariecabrejas.fr\/wp-content\/uploads\/2023\/12\/annie-spratt-OWq8w3BYMFY-unsplash-scaled.jpg)\"><\/div><span aria-hidden=\"true\" class=\"wp-block-cover__background has-background-dim\"><\/span><div class=\"wp-block-cover__inner-container is-layout-constrained wp-block-cover-is-layout-constrained\">\n<p class=\"has-text-align-center has-nv-site-bg-color has-text-color has-link-color has-large-font-size wp-elements-446e9db67d7f7488ac6d187c1b8e2aff\" style=\"font-style:normal;font-weight:600\">\u00c0 propos<\/p>\n<\/div><\/div>\n\n\n<div class=\"wp-block-image is-style-circle-mask\">\n<figure class=\"aligncenter size-large is-resized\"><img loading=\"lazy\" decoding=\"async\" width=\"889\" height=\"1333\" src=\"https:\/\/mariecabrejas.fr\/wp-content\/uploads\/2023\/12\/20231109_ATELIER_YOGA_ALISON-20-edited.jpg\" alt=\"\" class=\"wp-image-256\" style=\"width:300px;height:auto\" srcset=\"https:\/\/mariecabrejas.fr\/wp-content\/uploads\/2023\/12\/20231109_ATELIER_YOGA_ALISON-20-edited.jpg 889w, https:\/\/mariecabrejas.fr\/wp-content\/uploads\/2023\/12\/20231109_ATELIER_YOGA_ALISON-20-edited-200x300.jpg 200w, https:\/\/mariecabrejas.fr\/wp-content\/uploads\/2023\/12\/20231109_ATELIER_YOGA_ALISON-20-edited-683x1024.jpg 683w, https:\/\/mariecabrejas.fr\/wp-content\/uploads\/2023\/12\/20231109_ATELIER_YOGA_ALISON-20-edited-768x1152.jpg 768w\" sizes=\"auto, (max-width: 889px) 100vw, 889px\" \/><\/figure>\n<\/div>\n\n\n<h4 class=\"wp-block-heading has-text-align-center\">Qui suis-je ?<\/h4>\n\n\n\n<p class=\"my-justify-class my-tabulation\">Je suis Marie, naturopathe passionn\u00e9e par la sant\u00e9 holistique et le bien-\u00eatre naturel. Ma mission est de vous accompagner vers un mode de vie sain et \u00e9quilibr\u00e9 en utilisant des m\u00e9thodes naturelles et \u00e9prouv\u00e9es de la naturopathie.<\/p>\n\n\n\n<p class=\"my-justify-class my-tabulation\">Notre corps poss\u00e8de un pouvoir intrins\u00e8que de gu\u00e9rison et d&rsquo;\u00e9quilibre. En combinant une alimentation saine, des techniques de relaxation, des rem\u00e8des \u00e0 base de plantes, et d&rsquo;autres approches naturelles, je vous guide vers un \u00e9tat optimal de sant\u00e9 physique, \u00e9motionnelle et mentale.<\/p>\n\n\n\n<div style=\"height:16px\" aria-hidden=\"true\" class=\"wp-block-spacer\"><\/div>\n\n\n\n<div class=\"wp-block-columns is-layout-flex wp-container-core-columns-is-layout-9d6595d7 wp-block-columns-is-layout-flex\">\n<div class=\"wp-block-column is-layout-flow wp-block-column-is-layout-flow\" style=\"flex-basis:100%\">\n<div class=\"wp-block-cover alignfull\" style=\"min-height:363px;aspect-ratio:unset;\"><span aria-hidden=\"true\" class=\"wp-block-cover__background has-nv-c-1-background-color has-background-dim-100 has-background-dim\"><\/span><div class=\"wp-block-cover__inner-container is-layout-constrained wp-block-cover-is-layout-constrained\">\n<p><\/p>\n\n\n\n<div class=\"wp-block-columns is-layout-flex wp-container-core-columns-is-layout-9d6595d7 wp-block-columns-is-layout-flex\">\n<div class=\"wp-block-column is-layout-flow wp-block-column-is-layout-flow\">\n<p class=\"has-text-align-center has-custom-3-color has-text-color has-link-color has-large-font-size wp-elements-756a99d01a1f7eaafb9b34a0c5a296af\">Mon cursus<\/p>\n\n\n<div class=\"wp-block-image\">\n<figure class=\"aligncenter size-full\"><img loading=\"lazy\" decoding=\"async\" width=\"276\" height=\"101\" src=\"https:\/\/mariecabrejas.fr\/wp-content\/uploads\/2023\/12\/9b7da300-939a-4535-bff4-7baaacc12057.png\" alt=\"\" class=\"wp-image-264\"\/><\/figure>\n<\/div>\n\n\n<div style=\"height:22px\" aria-hidden=\"true\" class=\"wp-block-spacer\"><\/div>\n\n\n\n<p class=\"has-text-align-center has-neve-text-color-color has-text-color has-link-color has-medium-font-size wp-elements-673c54b6e3f26255f43c41db8251affe\">Naturopathe certifi\u00e9 par l&rsquo;Ecole de Sant\u00e9 Naturelle (Paris)<\/p>\n<\/div>\n<\/div>\n\n\n\n<p class=\"has-text-align-center has-custom-3-color has-text-color has-link-color has-medium-font-size wp-elements-3adccb7bbbcd23facc42c57947e71435\">Formation suppl\u00e9mentaire<\/p>\n\n\n\n<p class=\"has-text-align-center has-neve-text-color-color has-text-color has-link-color wp-elements-4e332206141a92886a23c80dc3a7a3ec\">&#8211; Infertilit\u00e9 et solutions naturelles &#8211; Dr V\u00e9ronique BLANC &#8211; MOREAU<\/p>\n<\/div><\/div>\n<\/div>\n<\/div>\n\n\n\n<div style=\"height:48px\" aria-hidden=\"true\" class=\"wp-block-spacer\"><\/div>\n\n\n\n<h4 class=\"wp-block-heading has-text-align-center has-medium-font-size\">Mon parcours<\/h4>\n\n\n\n<p class=\"my-justify-class my-tabulation\">Mon parcours dans le domaine de la naturopathie trouve ses racines dans une passion pour le bien-\u00eatre et les solutions naturelles, ancr\u00e9e depuis de nombreuses ann\u00e9es. Apr\u00e8s avoir obtenu une licence en psychologie et un BTS en di\u00e9t\u00e9tique, j&rsquo;ai ressenti le besoin de fusionner ces connaissances pour offrir un accompagnement plus holistique. Cependant, c&rsquo;est la naissance de mon fils qui a \u00e9t\u00e9 le catalyseur de ma d\u00e9cision de me consacrer pleinement \u00e0 la naturopathie. Cette exp\u00e9rience a renforc\u00e9 l&rsquo;importance fondamentale d&rsquo;un mode de vie sain et naturel pour notre sant\u00e9 et m&rsquo;a motiv\u00e9 \u00e0 approfondir mes comp\u00e9tences dans ce domaine.<\/p>\n\n\n\n<p class=\"my-justify-class my-tabulation\">Aujourd&rsquo;hui, je mets \u00e0 profit mes connaissances et comp\u00e9tences acquises au cours de mes \u00e9tudes et de mon v\u00e9cu personnel pour aider mes clients \u00e0 retrouver un \u00e9quilibre naturel, tant sur le plan physique que mental.<\/p>\n\n\n\n<div style=\"height:28px\" aria-hidden=\"true\" class=\"wp-block-spacer\"><\/div>\n\n\n\n<div class=\"wp-block-cover alignfull\" style=\"min-height:210px;aspect-ratio:unset;\"><span aria-hidden=\"true\" class=\"wp-block-cover__background has-custom-3-background-color has-background-dim-90 has-background-dim\"><\/span><div class=\"wp-block-cover__inner-container is-layout-constrained wp-block-cover-is-layout-constrained\">\n<p class=\"has-text-align-center has-medium-font-size\">Pour en savoir plus sur ce que je propose <\/p>\n\n\n\n<div class=\"wp-block-buttons alignfull has-custom-font-size has-small-font-size is-horizontal is-content-justification-center is-nowrap is-layout-flex wp-container-core-buttons-is-layout-f937b32f wp-block-buttons-is-layout-flex\">\n<div class=\"wp-block-button is-style-secondary\"><a class=\"wp-block-button__link has-nv-site-bg-color has-text-color has-link-color has-small-font-size has-text-align-center has-custom-font-size wp-element-button\" href=\"https:\/\/mariecabrejas.fr\/index.php\/81-2\/\" style=\"border-radius:100px\">En savoir plus<\/a><\/div>\n<\/div>\n<\/div><\/div>\n\n\n\n<div style=\"height:59px\" aria-hidden=\"true\" class=\"wp-block-spacer\"><\/div>\n\n\n\n<h4 class=\"wp-block-heading has-text-align-center\">Mes engagements<\/h4>\n\n\n\n<div class=\"wp-block-group is-content-justification-center is-nowrap is-layout-flex wp-container-core-group-is-layout-94bc23d7 wp-block-group-is-layout-flex\">\n<div class=\"wp-block-group is-content-justification-center is-nowrap is-layout-flex wp-container-core-group-is-layout-94bc23d7 wp-block-group-is-layout-flex\">\n<div class=\"wp-block-columns are-vertically-aligned-center is-layout-flex wp-container-core-columns-is-layout-abbe5815 wp-block-columns-is-layout-flex\" style=\"padding-top:0;padding-right:0;padding-bottom:0;padding-left:0\">\n<div class=\"wp-block-column is-vertically-aligned-center is-layout-flow wp-block-column-is-layout-flow\" style=\"flex-basis:33.33%\">\n<div class=\"wp-block-media-text\" style=\"padding-top:0;padding-bottom:0;grid-template-columns:16% auto\"><figure class=\"wp-block-media-text__media\"><img loading=\"lazy\" decoding=\"async\" width=\"150\" height=\"150\" src=\"https:\/\/mariecabrejas.fr\/wp-content\/uploads\/2023\/12\/securite-des-documents-150x150.png\" alt=\"\" class=\"wp-image-294 size-thumbnail\" srcset=\"https:\/\/mariecabrejas.fr\/wp-content\/uploads\/2023\/12\/securite-des-documents-150x150.png 150w, https:\/\/mariecabrejas.fr\/wp-content\/uploads\/2023\/12\/securite-des-documents-300x300.png 300w, https:\/\/mariecabrejas.fr\/wp-content\/uploads\/2023\/12\/securite-des-documents.png 512w\" sizes=\"auto, (max-width: 150px) 100vw, 150px\" \/><\/figure><div class=\"wp-block-media-text__content\">\n<p class=\"my-justify-class has-small-font-size\">Je m&rsquo;engage \u00e0 assurer une confidentialit\u00e9 absolue et \u00e0 respecter strictement le secret professionnel.<\/p>\n<\/div><\/div>\n<\/div>\n\n\n\n<div class=\"wp-block-column is-vertically-aligned-center is-layout-flow wp-block-column-is-layout-flow\" style=\"flex-basis:33.33%\">\n<div class=\"wp-block-media-text\" style=\"grid-template-columns:15% auto\"><figure class=\"wp-block-media-text__media\"><img loading=\"lazy\" decoding=\"async\" width=\"512\" height=\"512\" src=\"https:\/\/mariecabrejas.fr\/wp-content\/uploads\/2023\/12\/oreille.png\" alt=\"\" class=\"wp-image-297 size-full\" srcset=\"https:\/\/mariecabrejas.fr\/wp-content\/uploads\/2023\/12\/oreille.png 512w, https:\/\/mariecabrejas.fr\/wp-content\/uploads\/2023\/12\/oreille-300x300.png 300w, https:\/\/mariecabrejas.fr\/wp-content\/uploads\/2023\/12\/oreille-150x150.png 150w\" sizes=\"auto, (max-width: 512px) 100vw, 512px\" \/><\/figure><div class=\"wp-block-media-text__content\">\n<p class=\"my-justify-class has-small-font-size\">Je m&rsquo;engage \u00e0 \u00eatre totalement pr\u00e9sente et attentive, en offrant une \u00e9coute compl\u00e8te pendant toute la dur\u00e9e de la consultation.<\/p>\n<\/div><\/div>\n<\/div>\n\n\n\n<div class=\"wp-block-column is-vertically-aligned-center is-layout-flow wp-block-column-is-layout-flow\" style=\"flex-basis:33.33%\">\n<div class=\"wp-block-media-text\" style=\"grid-template-columns:15% auto\"><figure class=\"wp-block-media-text__media\"><img loading=\"lazy\" decoding=\"async\" width=\"512\" height=\"512\" src=\"http:\/\/mariecabrejas.fr\/wp-content\/uploads\/2023\/12\/bienveillance.png\" alt=\"\" class=\"wp-image-322 size-thumbnail\" srcset=\"https:\/\/mariecabrejas.fr\/wp-content\/uploads\/2023\/12\/bienveillance.png 512w, https:\/\/mariecabrejas.fr\/wp-content\/uploads\/2023\/12\/bienveillance-300x300.png 300w, https:\/\/mariecabrejas.fr\/wp-content\/uploads\/2023\/12\/bienveillance-150x150.png 150w\" sizes=\"auto, (max-width: 512px) 100vw, 512px\" \/><\/figure><div class=\"wp-block-media-text__content\">\n<p class=\"my-justify-class has-small-font-size\">Je m&rsquo;engage \u00e0 vous accompagner sans jugement et de fa\u00e7on bienveillante.<\/p>\n<\/div><\/div>\n<\/div>\n<\/div>\n<\/div>\n<\/div>\n\n\n\n<div class=\"wp-block-columns is-layout-flex wp-container-core-columns-is-layout-9d6595d7 wp-block-columns-is-layout-flex\">\n<div class=\"wp-block-column is-layout-flow wp-block-column-is-layout-flow\" style=\"flex-basis:33.33%\">\n<div class=\"wp-block-media-text\" style=\"grid-template-columns:15% auto\"><figure class=\"wp-block-media-text__media\"><img loading=\"lazy\" decoding=\"async\" width=\"150\" height=\"150\" src=\"https:\/\/mariecabrejas.fr\/wp-content\/uploads\/2023\/12\/croix-rouge-150x150.png\" alt=\"\" class=\"wp-image-334 size-thumbnail\" srcset=\"https:\/\/mariecabrejas.fr\/wp-content\/uploads\/2023\/12\/croix-rouge-150x150.png 150w, https:\/\/mariecabrejas.fr\/wp-content\/uploads\/2023\/12\/croix-rouge-300x300.png 300w, https:\/\/mariecabrejas.fr\/wp-content\/uploads\/2023\/12\/croix-rouge.png 512w\" sizes=\"auto, (max-width: 150px) 100vw, 150px\" \/><\/figure><div class=\"wp-block-media-text__content\">\n<p class=\"my-justify-class has-small-font-size\">La naturopathie est compl\u00e9mentaire \u00e0 la m\u00e9decine allopathique et ne doit se substituer \u00e0 un suivi m\u00e9dical en cours. Je m&rsquo;engage \u00e0 faire preuve d&rsquo;honn\u00eatet\u00e9, reconnaitre les limites de la naturopathie, de ne pas poser de diagnostic et de vous r\u00e9orienter si besoin vers un professionnel plus indiqu\u00e9 \u00e0 votre probl\u00e9matique.<\/p>\n<\/div><\/div>\n<\/div>\n\n\n\n<div class=\"wp-block-column is-layout-flow wp-block-column-is-layout-flow\" style=\"flex-basis:33.33%\">\n<div class=\"wp-block-media-text\" style=\"grid-template-columns:15% auto\"><figure class=\"wp-block-media-text__media\"><img loading=\"lazy\" decoding=\"async\" width=\"150\" height=\"150\" src=\"https:\/\/mariecabrejas.fr\/wp-content\/uploads\/2023\/12\/connaissance-150x150.png\" alt=\"\" class=\"wp-image-337 size-thumbnail\" srcset=\"https:\/\/mariecabrejas.fr\/wp-content\/uploads\/2023\/12\/connaissance-150x150.png 150w, https:\/\/mariecabrejas.fr\/wp-content\/uploads\/2023\/12\/connaissance-300x300.png 300w, https:\/\/mariecabrejas.fr\/wp-content\/uploads\/2023\/12\/connaissance.png 512w\" sizes=\"auto, (max-width: 150px) 100vw, 150px\" \/><\/figure><div class=\"wp-block-media-text__content\">\n<p class=\"my-justify-class has-small-font-size\">Je m&rsquo;engage \u00e0 vous transmettre aux mieux mes connaissances et vous fournir les explications essentielles pour mettre en place votre programme. Je mettrai \u00e0 votre disposition les supports n\u00e9cessaires afin de favoriser votre compr\u00e9hension et vous guider vers une autonomie en mati\u00e8re de sant\u00e9.<\/p>\n<\/div><\/div>\n<\/div>\n\n\n\n<div class=\"wp-block-column is-layout-flow wp-block-column-is-layout-flow\" style=\"flex-basis:33.33%\">\n<div class=\"wp-block-media-text\" style=\"grid-template-columns:15% auto\"><figure class=\"wp-block-media-text__media\"><img loading=\"lazy\" decoding=\"async\" width=\"512\" height=\"512\" src=\"http:\/\/mariecabrejas.fr\/wp-content\/uploads\/2023\/12\/soins-de-sante.png\" alt=\"\" class=\"wp-image-298 size-thumbnail\" srcset=\"https:\/\/mariecabrejas.fr\/wp-content\/uploads\/2023\/12\/soins-de-sante.png 512w, https:\/\/mariecabrejas.fr\/wp-content\/uploads\/2023\/12\/soins-de-sante-300x300.png 300w, https:\/\/mariecabrejas.fr\/wp-content\/uploads\/2023\/12\/soins-de-sante-150x150.png 150w\" sizes=\"auto, (max-width: 512px) 100vw, 512px\" \/><\/figure><div class=\"wp-block-media-text__content\">\n<p class=\"my-justify-class has-small-font-size\">\u00ab\u00a0<em>Primum non nocer<\/em>e\u00a0\u00bb. Je m&rsquo;engage \u00e0 suivre le principe d&rsquo;Hippocrate \u00ab\u00a0d&rsquo;abord ne pas nuire\u00a0\u00bb et m&rsquo;assurer de pr\u00e9server votre sant\u00e9. <\/p>\n<\/div><\/div>\n<\/div>\n<\/div>\n","protected":false},"excerpt":{"rendered":"<p>Qui suis-je ? Je suis Marie, naturopathe passionn\u00e9e par la sant\u00e9 holistique et le bien-\u00eatre naturel. Ma mission est de vous accompagner vers un mode de vie sain et \u00e9quilibr\u00e9 en utilisant des m\u00e9thodes naturelles et \u00e9prouv\u00e9es de la naturopathie. Notre corps poss\u00e8de un pouvoir intrins\u00e8que de gu\u00e9rison et d&rsquo;\u00e9quilibre. En combinant une alimentation saine,&hellip;&nbsp;<a href=\"https:\/\/mariecabrejas.fr\/index.php\/about\/\" rel=\"bookmark\">Lire la suite &raquo;<span class=\"screen-reader-text\">About<\/span><\/a><\/p>\n","protected":false},"author":1,"featured_media":0,"parent":0,"menu_order":0,"comment_status":"closed","ping_status":"closed","template":"","meta":{"_monsterinsights_skip_tracking":false,"_monsterinsights_sitenote_active":false,"_monsterinsights_sitenote_note":"","_monsterinsights_sitenote_category":0,"neve_meta_sidebar":"","neve_meta_container":"","neve_meta_enable_content_width":"","neve_meta_content_width":0,"neve_meta_title_alignment":"","neve_meta_author_avatar":"","neve_post_elements_order":"","neve_meta_disable_header":"","neve_meta_disable_footer":"","neve_meta_disable_title":"on","footnotes":""},"class_list":["post-15","page","type-page","status-publish","hentry"],"yoast_head":"<!-- This site is optimized with the Yoast SEO plugin v26.8 - https:\/\/yoast.com\/product\/yoast-seo-wordpress\/ -->\n<title>About - Marie Cabrejas<\/title>\n<meta name=\"robots\" content=\"index, follow, max-snippet:-1, max-image-preview:large, max-video-preview:-1\" \/>\n<link rel=\"canonical\" href=\"https:\/\/mariecabrejas.fr\/index.php\/about\/\" \/>\n<meta property=\"og:locale\" content=\"fr_FR\" \/>\n<meta property=\"og:type\" content=\"article\" \/>\n<meta property=\"og:title\" content=\"About - Marie Cabrejas\" \/>\n<meta property=\"og:description\" content=\"Qui suis-je ? Je suis Marie, naturopathe passionn\u00e9e par la sant\u00e9 holistique et le bien-\u00eatre naturel. Ma mission est de vous accompagner vers un mode de vie sain et \u00e9quilibr\u00e9 en utilisant des m\u00e9thodes naturelles et \u00e9prouv\u00e9es de la naturopathie. Notre corps poss\u00e8de un pouvoir intrins\u00e8que de gu\u00e9rison et d&rsquo;\u00e9quilibre. En combinant une alimentation saine,&hellip;&nbsp;Lire la suite &raquo;About\" \/>\n<meta property=\"og:url\" content=\"https:\/\/mariecabrejas.fr\/index.php\/about\/\" \/>\n<meta property=\"og:site_name\" content=\"Marie Cabrejas\" \/>\n<meta property=\"article:modified_time\" content=\"2025-09-18T12:48:45+00:00\" \/>\n<meta property=\"og:image\" content=\"https:\/\/mariecabrejas.fr\/wp-content\/uploads\/2023\/12\/20231109_ATELIER_YOGA_ALISON-20-edited.jpg\" \/>\n\t<meta property=\"og:image:width\" content=\"889\" \/>\n\t<meta property=\"og:image:height\" content=\"1333\" \/>\n\t<meta property=\"og:image:type\" content=\"image\/jpeg\" \/>\n<meta name=\"twitter:card\" content=\"summary_large_image\" \/>\n<meta name=\"twitter:label1\" content=\"Dur\u00e9e de lecture estim\u00e9e\" \/>\n\t<meta name=\"twitter:data1\" content=\"2 minutes\" \/>\n<script type=\"application\/ld+json\" class=\"yoast-schema-graph\">{\"@context\":\"https:\/\/schema.org\",\"@graph\":[{\"@type\":\"WebPage\",\"@id\":\"https:\/\/mariecabrejas.fr\/index.php\/about\/\",\"url\":\"https:\/\/mariecabrejas.fr\/index.php\/about\/\",\"name\":\"About - Marie Cabrejas\",\"isPartOf\":{\"@id\":\"https:\/\/mariecabrejas.fr\/#website\"},\"primaryImageOfPage\":{\"@id\":\"https:\/\/mariecabrejas.fr\/index.php\/about\/#primaryimage\"},\"image\":{\"@id\":\"https:\/\/mariecabrejas.fr\/index.php\/about\/#primaryimage\"},\"thumbnailUrl\":\"https:\/\/mariecabrejas.fr\/wp-content\/uploads\/2023\/12\/20231109_ATELIER_YOGA_ALISON-20-edited.jpg\",\"datePublished\":\"2023-11-25T14:55:34+00:00\",\"dateModified\":\"2025-09-18T12:48:45+00:00\",\"breadcrumb\":{\"@id\":\"https:\/\/mariecabrejas.fr\/index.php\/about\/#breadcrumb\"},\"inLanguage\":\"fr-FR\",\"potentialAction\":[{\"@type\":\"ReadAction\",\"target\":[\"https:\/\/mariecabrejas.fr\/index.php\/about\/\"]}]},{\"@type\":\"ImageObject\",\"inLanguage\":\"fr-FR\",\"@id\":\"https:\/\/mariecabrejas.fr\/index.php\/about\/#primaryimage\",\"url\":\"https:\/\/mariecabrejas.fr\/wp-content\/uploads\/2023\/12\/20231109_ATELIER_YOGA_ALISON-20-edited.jpg\",\"contentUrl\":\"https:\/\/mariecabrejas.fr\/wp-content\/uploads\/2023\/12\/20231109_ATELIER_YOGA_ALISON-20-edited.jpg\",\"width\":889,\"height\":1333},{\"@type\":\"BreadcrumbList\",\"@id\":\"https:\/\/mariecabrejas.fr\/index.php\/about\/#breadcrumb\",\"itemListElement\":[{\"@type\":\"ListItem\",\"position\":1,\"name\":\"Accueil\",\"item\":\"https:\/\/mariecabrejas.fr\/\"},{\"@type\":\"ListItem\",\"position\":2,\"name\":\"About\"}]},{\"@type\":\"WebSite\",\"@id\":\"https:\/\/mariecabrejas.fr\/#website\",\"url\":\"https:\/\/mariecabrejas.fr\/\",\"name\":\"Marie Cabrejas\",\"description\":\"Naturopathe\",\"publisher\":{\"@id\":\"https:\/\/mariecabrejas.fr\/#organization\"},\"potentialAction\":[{\"@type\":\"SearchAction\",\"target\":{\"@type\":\"EntryPoint\",\"urlTemplate\":\"https:\/\/mariecabrejas.fr\/?s={search_term_string}\"},\"query-input\":{\"@type\":\"PropertyValueSpecification\",\"valueRequired\":true,\"valueName\":\"search_term_string\"}}],\"inLanguage\":\"fr-FR\"},{\"@type\":\"Organization\",\"@id\":\"https:\/\/mariecabrejas.fr\/#organization\",\"name\":\"Marie Cabrejas\",\"url\":\"https:\/\/mariecabrejas.fr\/\",\"logo\":{\"@type\":\"ImageObject\",\"inLanguage\":\"fr-FR\",\"@id\":\"https:\/\/mariecabrejas.fr\/#\/schema\/logo\/image\/\",\"url\":\"https:\/\/mariecabrejas.fr\/wp-content\/uploads\/2023\/11\/cropped-Logo-blanc.png\",\"contentUrl\":\"https:\/\/mariecabrejas.fr\/wp-content\/uploads\/2023\/11\/cropped-Logo-blanc.png\",\"width\":1918,\"height\":578,\"caption\":\"Marie Cabrejas\"},\"image\":{\"@id\":\"https:\/\/mariecabrejas.fr\/#\/schema\/logo\/image\/\"}}]}<\/script>\n<!-- \/ Yoast SEO plugin. -->","yoast_head_json":{"title":"About - Marie Cabrejas","robots":{"index":"index","follow":"follow","max-snippet":"max-snippet:-1","max-image-preview":"max-image-preview:large","max-video-preview":"max-video-preview:-1"},"canonical":"https:\/\/mariecabrejas.fr\/index.php\/about\/","og_locale":"fr_FR","og_type":"article","og_title":"About - Marie Cabrejas","og_description":"Qui suis-je ? Je suis Marie, naturopathe passionn\u00e9e par la sant\u00e9 holistique et le bien-\u00eatre naturel. Ma mission est de vous accompagner vers un mode de vie sain et \u00e9quilibr\u00e9 en utilisant des m\u00e9thodes naturelles et \u00e9prouv\u00e9es de la naturopathie. Notre corps poss\u00e8de un pouvoir intrins\u00e8que de gu\u00e9rison et d&rsquo;\u00e9quilibre. En combinant une alimentation saine,&hellip;&nbsp;Lire la suite &raquo;About","og_url":"https:\/\/mariecabrejas.fr\/index.php\/about\/","og_site_name":"Marie Cabrejas","article_modified_time":"2025-09-18T12:48:45+00:00","og_image":[{"width":889,"height":1333,"url":"https:\/\/mariecabrejas.fr\/wp-content\/uploads\/2023\/12\/20231109_ATELIER_YOGA_ALISON-20-edited.jpg","type":"image\/jpeg"}],"twitter_card":"summary_large_image","twitter_misc":{"Dur\u00e9e de lecture estim\u00e9e":"2 minutes"},"schema":{"@context":"https:\/\/schema.org","@graph":[{"@type":"WebPage","@id":"https:\/\/mariecabrejas.fr\/index.php\/about\/","url":"https:\/\/mariecabrejas.fr\/index.php\/about\/","name":"About - Marie Cabrejas","isPartOf":{"@id":"https:\/\/mariecabrejas.fr\/#website"},"primaryImageOfPage":{"@id":"https:\/\/mariecabrejas.fr\/index.php\/about\/#primaryimage"},"image":{"@id":"https:\/\/mariecabrejas.fr\/index.php\/about\/#primaryimage"},"thumbnailUrl":"https:\/\/mariecabrejas.fr\/wp-content\/uploads\/2023\/12\/20231109_ATELIER_YOGA_ALISON-20-edited.jpg","datePublished":"2023-11-25T14:55:34+00:00","dateModified":"2025-09-18T12:48:45+00:00","breadcrumb":{"@id":"https:\/\/mariecabrejas.fr\/index.php\/about\/#breadcrumb"},"inLanguage":"fr-FR","potentialAction":[{"@type":"ReadAction","target":["https:\/\/mariecabrejas.fr\/index.php\/about\/"]}]},{"@type":"ImageObject","inLanguage":"fr-FR","@id":"https:\/\/mariecabrejas.fr\/index.php\/about\/#primaryimage","url":"https:\/\/mariecabrejas.fr\/wp-content\/uploads\/2023\/12\/20231109_ATELIER_YOGA_ALISON-20-edited.jpg","contentUrl":"https:\/\/mariecabrejas.fr\/wp-content\/uploads\/2023\/12\/20231109_ATELIER_YOGA_ALISON-20-edited.jpg","width":889,"height":1333},{"@type":"BreadcrumbList","@id":"https:\/\/mariecabrejas.fr\/index.php\/about\/#breadcrumb","itemListElement":[{"@type":"ListItem","position":1,"name":"Accueil","item":"https:\/\/mariecabrejas.fr\/"},{"@type":"ListItem","position":2,"name":"About"}]},{"@type":"WebSite","@id":"https:\/\/mariecabrejas.fr\/#website","url":"https:\/\/mariecabrejas.fr\/","name":"Marie Cabrejas","description":"Naturopathe","publisher":{"@id":"https:\/\/mariecabrejas.fr\/#organization"},"potentialAction":[{"@type":"SearchAction","target":{"@type":"EntryPoint","urlTemplate":"https:\/\/mariecabrejas.fr\/?s={search_term_string}"},"query-input":{"@type":"PropertyValueSpecification","valueRequired":true,"valueName":"search_term_string"}}],"inLanguage":"fr-FR"},{"@type":"Organization","@id":"https:\/\/mariecabrejas.fr\/#organization","name":"Marie Cabrejas","url":"https:\/\/mariecabrejas.fr\/","logo":{"@type":"ImageObject","inLanguage":"fr-FR","@id":"https:\/\/mariecabrejas.fr\/#\/schema\/logo\/image\/","url":"https:\/\/mariecabrejas.fr\/wp-content\/uploads\/2023\/11\/cropped-Logo-blanc.png","contentUrl":"https:\/\/mariecabrejas.fr\/wp-content\/uploads\/2023\/11\/cropped-Logo-blanc.png","width":1918,"height":578,"caption":"Marie Cabrejas"},"image":{"@id":"https:\/\/mariecabrejas.fr\/#\/schema\/logo\/image\/"}}]}},"_links":{"self":[{"href":"https:\/\/mariecabrejas.fr\/index.php\/wp-json\/wp\/v2\/pages\/15","targetHints":{"allow":["GET"]}}],"collection":[{"href":"https:\/\/mariecabrejas.fr\/index.php\/wp-json\/wp\/v2\/pages"}],"about":[{"href":"https:\/\/mariecabrejas.fr\/index.php\/wp-json\/wp\/v2\/types\/page"}],"author":[{"embeddable":true,"href":"https:\/\/mariecabrejas.fr\/index.php\/wp-json\/wp\/v2\/users\/1"}],"replies":[{"embeddable":true,"href":"https:\/\/mariecabrejas.fr\/index.php\/wp-json\/wp\/v2\/comments?post=15"}],"version-history":[{"count":69,"href":"https:\/\/mariecabrejas.fr\/index.php\/wp-json\/wp\/v2\/pages\/15\/revisions"}],"predecessor-version":[{"id":780,"href":"https:\/\/mariecabrejas.fr\/index.php\/wp-json\/wp\/v2\/pages\/15\/revisions\/780"}],"wp:attachment":[{"href":"https:\/\/mariecabrejas.fr\/index.php\/wp-json\/wp\/v2\/media?parent=15"}],"curies":[{"name":"wp","href":"https:\/\/api.w.org\/{rel}","templated":true}]}}