{"id":16,"date":"2023-11-25T15:55:34","date_gmt":"2023-11-25T14:55:34","guid":{"rendered":"http:\/\/mariecabrejas.fr\/?page_id=16"},"modified":"2024-01-12T13:54:29","modified_gmt":"2024-01-12T12:54:29","slug":"contact-2","status":"publish","type":"page","link":"https:\/\/mariecabrejas.fr\/index.php\/contact-2\/","title":{"rendered":"Me contacter"},"content":{"rendered":"\n<div class=\"wp-block-cover alignfull has-parallax\"><span aria-hidden=\"true\" class=\"wp-block-cover__background has-background-dim\"><\/span><div role=\"img\" class=\"wp-block-cover__image-background wp-image-111 has-parallax\" style=\"background-position:50% 50%;background-image:url(https:\/\/mariecabrejas.fr\/wp-content\/uploads\/2023\/12\/karim-ben-van-mKk2nnZ1EQk-unsplash-2-scaled.jpg)\"><\/div><div class=\"wp-block-cover__inner-container is-layout-constrained wp-block-cover-is-layout-constrained\">\n<p class=\"has-text-align-center has-large-font-size\">Me contacter<\/p>\n<\/div><\/div>\n\n\n\n<div style=\"height:54px\" aria-hidden=\"true\" class=\"wp-block-spacer\"><\/div>\n\n\n\n<p class=\"my-justify-class my-tabulation\">Si vous d\u00e9sirez en savoir davantage sur la naturopathie ou d&rsquo;autres aspects li\u00e9s \u00e0 la sant\u00e9 et au bien-\u00eatre naturel, n&rsquo;h\u00e9sitez pas \u00e0 me contacter en utilisant le formulaire d\u00e9di\u00e9 ou en trouvant mes coordonn\u00e9es ci-dessous.<\/p>\n\n\n\n<div style=\"height:30px\" aria-hidden=\"true\" class=\"wp-block-spacer\"><\/div>\n\n\n\n<div class=\"wp-block-group\"><div class=\"wp-block-group__inner-container is-layout-constrained wp-block-group-is-layout-constrained\">\n<div class=\"wp-block-group\"><div class=\"wp-block-group__inner-container is-layout-constrained wp-block-group-is-layout-constrained\">\n<div class=\"wp-block-group\"><div class=\"wp-block-group__inner-container is-layout-constrained wp-block-group-is-layout-constrained\">\n<div class=\"wp-block-columns is-layout-flex wp-container-core-columns-is-layout-9d6595d7 wp-block-columns-is-layout-flex\">\n<div class=\"wp-block-column is-layout-flow wp-block-column-is-layout-flow\" style=\"flex-basis:100%\">\n<div class=\"wp-block-group\"><div class=\"wp-block-group__inner-container is-layout-constrained wp-block-group-is-layout-constrained\">\n<div class=\"wp-block-group\"><div class=\"wp-block-group__inner-container is-layout-constrained wp-block-group-is-layout-constrained\"><div class=\"wp-block-image\">\n<figure class=\"aligncenter size-full is-resized\"><img loading=\"lazy\" decoding=\"async\" width=\"512\" height=\"512\" src=\"https:\/\/mariecabrejas.fr\/wp-content\/uploads\/2023\/12\/telephone.png\" alt=\"\" class=\"wp-image-121\" style=\"width:42px;height:auto\" srcset=\"https:\/\/mariecabrejas.fr\/wp-content\/uploads\/2023\/12\/telephone.png 512w, https:\/\/mariecabrejas.fr\/wp-content\/uploads\/2023\/12\/telephone-300x300.png 300w, https:\/\/mariecabrejas.fr\/wp-content\/uploads\/2023\/12\/telephone-150x150.png 150w\" sizes=\"auto, (max-width: 512px) 100vw, 512px\" \/><\/figure>\n<\/div><\/div><\/div>\n\n\n\n<p class=\"has-text-align-center has-medium-font-size\"><strong>07 56 90 63 04<\/strong><\/p>\n<\/div><\/div>\n<\/div>\n<\/div>\n\n\n\n<div class=\"wp-block-group\"><div class=\"wp-block-group__inner-container is-layout-constrained wp-block-group-is-layout-constrained\"><div class=\"wp-block-image\">\n<figure class=\"aligncenter size-full is-resized\"><img loading=\"lazy\" decoding=\"async\" width=\"512\" height=\"512\" src=\"https:\/\/mariecabrejas.fr\/wp-content\/uploads\/2023\/12\/enveloppe.png\" alt=\"\" class=\"wp-image-126\" style=\"width:44px;height:auto\" srcset=\"https:\/\/mariecabrejas.fr\/wp-content\/uploads\/2023\/12\/enveloppe.png 512w, https:\/\/mariecabrejas.fr\/wp-content\/uploads\/2023\/12\/enveloppe-300x300.png 300w, https:\/\/mariecabrejas.fr\/wp-content\/uploads\/2023\/12\/enveloppe-150x150.png 150w\" sizes=\"auto, (max-width: 512px) 100vw, 512px\" \/><\/figure>\n<\/div>\n\n\n<p class=\"has-text-align-center has-medium-font-size\">marie.cabrejas.naturo@gmail.com<\/p>\n<\/div><\/div>\n<\/div><\/div>\n<\/div><\/div>\n<\/div><\/div>\n\n\n\n<div style=\"height:30px\" aria-hidden=\"true\" class=\"wp-block-spacer\"><\/div>\n\n\n\n<div class=\"wp-block-group\"><div class=\"wp-block-group__inner-container is-layout-constrained wp-block-group-is-layout-constrained\"><div class=\"wp-block-image\">\n<figure class=\"aligncenter size-full is-resized\"><img loading=\"lazy\" decoding=\"async\" width=\"512\" height=\"512\" src=\"https:\/\/mariecabrejas.fr\/wp-content\/uploads\/2023\/12\/formulaire-de-contact.png\" alt=\"\" class=\"wp-image-142\" style=\"width:60px;height:auto\" srcset=\"https:\/\/mariecabrejas.fr\/wp-content\/uploads\/2023\/12\/formulaire-de-contact.png 512w, https:\/\/mariecabrejas.fr\/wp-content\/uploads\/2023\/12\/formulaire-de-contact-300x300.png 300w, https:\/\/mariecabrejas.fr\/wp-content\/uploads\/2023\/12\/formulaire-de-contact-150x150.png 150w\" sizes=\"auto, (max-width: 512px) 100vw, 512px\" \/><\/figure>\n<\/div>\n\n\n<div class=\"wp-block-group is-vertical is-content-justification-center is-layout-flex wp-container-core-group-is-layout-48c2c4f0 wp-block-group-is-layout-flex\">\n<div class=\"wp-block-contact-form-7-contact-form-selector\">\n<div class=\"wpcf7 no-js\" id=\"wpcf7-f129-o1\" lang=\"fr-FR\" dir=\"ltr\" data-wpcf7-id=\"129\">\n<div class=\"screen-reader-response\"><p role=\"status\" aria-live=\"polite\" aria-atomic=\"true\"><\/p> <ul><\/ul><\/div>\n<form action=\"\/index.php\/wp-json\/wp\/v2\/pages\/16#wpcf7-f129-o1\" method=\"post\" class=\"wpcf7-form init\" aria-label=\"Formulaire de contact\" novalidate=\"novalidate\" data-status=\"init\">\n<fieldset class=\"hidden-fields-container\"><input type=\"hidden\" name=\"_wpcf7\" value=\"129\" \/><input type=\"hidden\" name=\"_wpcf7_version\" value=\"6.1.4\" \/><input type=\"hidden\" name=\"_wpcf7_locale\" value=\"fr_FR\" \/><input type=\"hidden\" name=\"_wpcf7_unit_tag\" value=\"wpcf7-f129-o1\" \/><input type=\"hidden\" name=\"_wpcf7_container_post\" value=\"0\" \/><input type=\"hidden\" name=\"_wpcf7_posted_data_hash\" value=\"\" \/>\n<\/fieldset>\n<p><label> Votre nom<br \/>\n<span class=\"wpcf7-form-control-wrap\" data-name=\"your-name\"><input size=\"40\" maxlength=\"400\" class=\"wpcf7-form-control wpcf7-text wpcf7-validates-as-required\" autocomplete=\"name\" aria-required=\"true\" aria-invalid=\"false\" value=\"\" type=\"text\" name=\"your-name\" \/><\/span> <\/label>\n<\/p>\n<p><label> Votre e-mail<br \/>\n<span class=\"wpcf7-form-control-wrap\" data-name=\"your-email\"><input size=\"40\" maxlength=\"400\" class=\"wpcf7-form-control wpcf7-email wpcf7-validates-as-required wpcf7-text wpcf7-validates-as-email\" autocomplete=\"email\" aria-required=\"true\" aria-invalid=\"false\" value=\"\" type=\"email\" name=\"your-email\" \/><\/span> <\/label>\n<\/p>\n<p><label> Objet<br \/>\n<span class=\"wpcf7-form-control-wrap\" data-name=\"your-subject\"><input size=\"40\" maxlength=\"400\" class=\"wpcf7-form-control wpcf7-text wpcf7-validates-as-required\" aria-required=\"true\" aria-invalid=\"false\" value=\"\" type=\"text\" name=\"your-subject\" \/><\/span> <\/label>\n<\/p>\n<p><label> Votre message (facultatif)<br \/>\n<span class=\"wpcf7-form-control-wrap\" data-name=\"your-message\"><textarea cols=\"40\" rows=\"10\" maxlength=\"2000\" class=\"wpcf7-form-control wpcf7-textarea\" aria-invalid=\"false\" name=\"your-message\"><\/textarea><\/span> <\/label>\n<\/p>\n<p><input class=\"wpcf7-form-control wpcf7-submit has-spinner\" type=\"submit\" value=\"Envoyer\" \/>\n<\/p><div class=\"wpcf7-response-output\" aria-hidden=\"true\"><\/div>\n<\/form>\n<\/div>\n<\/div>\n<\/div>\n<\/div><\/div>\n\n\n\n<div style=\"height:46px\" aria-hidden=\"true\" class=\"wp-block-spacer\"><\/div>\n\n\n\n<div><iframe src=\"https:\/\/maps.google.com\/maps?q=12+RUE+du+poitou+44115+basse+goulaine&amp;z=15&amp;t=m&amp;output=embed\" style=\"border:0;height:424px;width:100%\"><\/iframe><\/div>\n","protected":false},"excerpt":{"rendered":"<p>Si vous d\u00e9sirez en savoir davantage sur la naturopathie ou d&rsquo;autres aspects li\u00e9s \u00e0 la sant\u00e9 et au bien-\u00eatre naturel, n&rsquo;h\u00e9sitez pas \u00e0 me contacter en utilisant le formulaire d\u00e9di\u00e9 ou en trouvant mes coordonn\u00e9es ci-dessous. 07 56 90 63 04 marie.cabrejas.naturo@gmail.com<\/p>\n","protected":false},"author":1,"featured_media":0,"parent":0,"menu_order":0,"comment_status":"closed","ping_status":"closed","template":"","meta":{"_monsterinsights_skip_tracking":false,"_monsterinsights_sitenote_active":false,"_monsterinsights_sitenote_note":"","_monsterinsights_sitenote_category":0,"neve_meta_sidebar":"","neve_meta_container":"","neve_meta_enable_content_width":"","neve_meta_content_width":0,"neve_meta_title_alignment":"","neve_meta_author_avatar":"","neve_post_elements_order":"","neve_meta_disable_header":"off","neve_meta_disable_footer":"","neve_meta_disable_title":"on","footnotes":""},"class_list":["post-16","page","type-page","status-publish","hentry"],"yoast_head":"<!-- This site is optimized with the Yoast SEO plugin v26.8 - https:\/\/yoast.com\/product\/yoast-seo-wordpress\/ -->\n<title>Me contacter - Marie Cabrejas<\/title>\n<meta name=\"robots\" content=\"index, follow, max-snippet:-1, max-image-preview:large, max-video-preview:-1\" \/>\n<link rel=\"canonical\" href=\"https:\/\/mariecabrejas.fr\/index.php\/contact-2\/\" \/>\n<meta property=\"og:locale\" content=\"fr_FR\" \/>\n<meta property=\"og:type\" content=\"article\" \/>\n<meta property=\"og:title\" content=\"Me contacter - Marie Cabrejas\" \/>\n<meta property=\"og:description\" content=\"Si vous d\u00e9sirez en savoir davantage sur la naturopathie ou d&rsquo;autres aspects li\u00e9s \u00e0 la sant\u00e9 et au bien-\u00eatre naturel, n&rsquo;h\u00e9sitez pas \u00e0 me contacter en utilisant le formulaire d\u00e9di\u00e9 ou en trouvant mes coordonn\u00e9es ci-dessous. 07 56 90 63 04 marie.cabrejas.naturo@gmail.com\" \/>\n<meta property=\"og:url\" content=\"https:\/\/mariecabrejas.fr\/index.php\/contact-2\/\" \/>\n<meta property=\"og:site_name\" content=\"Marie Cabrejas\" \/>\n<meta property=\"article:modified_time\" content=\"2024-01-12T12:54:29+00:00\" \/>\n<meta property=\"og:image\" content=\"https:\/\/mariecabrejas.fr\/wp-content\/uploads\/2023\/12\/telephone.png\" \/>\n\t<meta property=\"og:image:width\" content=\"512\" \/>\n\t<meta property=\"og:image:height\" content=\"512\" \/>\n\t<meta property=\"og:image:type\" content=\"image\/png\" \/>\n<meta name=\"twitter:card\" content=\"summary_large_image\" \/>\n<script type=\"application\/ld+json\" class=\"yoast-schema-graph\">{\"@context\":\"https:\/\/schema.org\",\"@graph\":[{\"@type\":\"WebPage\",\"@id\":\"https:\/\/mariecabrejas.fr\/index.php\/contact-2\/\",\"url\":\"https:\/\/mariecabrejas.fr\/index.php\/contact-2\/\",\"name\":\"Me contacter - Marie Cabrejas\",\"isPartOf\":{\"@id\":\"https:\/\/mariecabrejas.fr\/#website\"},\"primaryImageOfPage\":{\"@id\":\"https:\/\/mariecabrejas.fr\/index.php\/contact-2\/#primaryimage\"},\"image\":{\"@id\":\"https:\/\/mariecabrejas.fr\/index.php\/contact-2\/#primaryimage\"},\"thumbnailUrl\":\"https:\/\/mariecabrejas.fr\/wp-content\/uploads\/2023\/12\/telephone.png\",\"datePublished\":\"2023-11-25T14:55:34+00:00\",\"dateModified\":\"2024-01-12T12:54:29+00:00\",\"breadcrumb\":{\"@id\":\"https:\/\/mariecabrejas.fr\/index.php\/contact-2\/#breadcrumb\"},\"inLanguage\":\"fr-FR\",\"potentialAction\":[{\"@type\":\"ReadAction\",\"target\":[\"https:\/\/mariecabrejas.fr\/index.php\/contact-2\/\"]}]},{\"@type\":\"ImageObject\",\"inLanguage\":\"fr-FR\",\"@id\":\"https:\/\/mariecabrejas.fr\/index.php\/contact-2\/#primaryimage\",\"url\":\"https:\/\/mariecabrejas.fr\/wp-content\/uploads\/2023\/12\/telephone.png\",\"contentUrl\":\"https:\/\/mariecabrejas.fr\/wp-content\/uploads\/2023\/12\/telephone.png\",\"width\":512,\"height\":512},{\"@type\":\"BreadcrumbList\",\"@id\":\"https:\/\/mariecabrejas.fr\/index.php\/contact-2\/#breadcrumb\",\"itemListElement\":[{\"@type\":\"ListItem\",\"position\":1,\"name\":\"Accueil\",\"item\":\"https:\/\/mariecabrejas.fr\/\"},{\"@type\":\"ListItem\",\"position\":2,\"name\":\"Me contacter\"}]},{\"@type\":\"WebSite\",\"@id\":\"https:\/\/mariecabrejas.fr\/#website\",\"url\":\"https:\/\/mariecabrejas.fr\/\",\"name\":\"Marie Cabrejas\",\"description\":\"Naturopathe\",\"publisher\":{\"@id\":\"https:\/\/mariecabrejas.fr\/#organization\"},\"potentialAction\":[{\"@type\":\"SearchAction\",\"target\":{\"@type\":\"EntryPoint\",\"urlTemplate\":\"https:\/\/mariecabrejas.fr\/?s={search_term_string}\"},\"query-input\":{\"@type\":\"PropertyValueSpecification\",\"valueRequired\":true,\"valueName\":\"search_term_string\"}}],\"inLanguage\":\"fr-FR\"},{\"@type\":\"Organization\",\"@id\":\"https:\/\/mariecabrejas.fr\/#organization\",\"name\":\"Marie Cabrejas\",\"url\":\"https:\/\/mariecabrejas.fr\/\",\"logo\":{\"@type\":\"ImageObject\",\"inLanguage\":\"fr-FR\",\"@id\":\"https:\/\/mariecabrejas.fr\/#\/schema\/logo\/image\/\",\"url\":\"https:\/\/mariecabrejas.fr\/wp-content\/uploads\/2023\/11\/cropped-Logo-blanc.png\",\"contentUrl\":\"https:\/\/mariecabrejas.fr\/wp-content\/uploads\/2023\/11\/cropped-Logo-blanc.png\",\"width\":1918,\"height\":578,\"caption\":\"Marie Cabrejas\"},\"image\":{\"@id\":\"https:\/\/mariecabrejas.fr\/#\/schema\/logo\/image\/\"}}]}<\/script>\n<!-- \/ Yoast SEO plugin. -->","yoast_head_json":{"title":"Me contacter - Marie Cabrejas","robots":{"index":"index","follow":"follow","max-snippet":"max-snippet:-1","max-image-preview":"max-image-preview:large","max-video-preview":"max-video-preview:-1"},"canonical":"https:\/\/mariecabrejas.fr\/index.php\/contact-2\/","og_locale":"fr_FR","og_type":"article","og_title":"Me contacter - Marie Cabrejas","og_description":"Si vous d\u00e9sirez en savoir davantage sur la naturopathie ou d&rsquo;autres aspects li\u00e9s \u00e0 la sant\u00e9 et au bien-\u00eatre naturel, n&rsquo;h\u00e9sitez pas \u00e0 me contacter en utilisant le formulaire d\u00e9di\u00e9 ou en trouvant mes coordonn\u00e9es ci-dessous. 07 56 90 63 04 marie.cabrejas.naturo@gmail.com","og_url":"https:\/\/mariecabrejas.fr\/index.php\/contact-2\/","og_site_name":"Marie Cabrejas","article_modified_time":"2024-01-12T12:54:29+00:00","og_image":[{"width":512,"height":512,"url":"https:\/\/mariecabrejas.fr\/wp-content\/uploads\/2023\/12\/telephone.png","type":"image\/png"}],"twitter_card":"summary_large_image","schema":{"@context":"https:\/\/schema.org","@graph":[{"@type":"WebPage","@id":"https:\/\/mariecabrejas.fr\/index.php\/contact-2\/","url":"https:\/\/mariecabrejas.fr\/index.php\/contact-2\/","name":"Me contacter - Marie Cabrejas","isPartOf":{"@id":"https:\/\/mariecabrejas.fr\/#website"},"primaryImageOfPage":{"@id":"https:\/\/mariecabrejas.fr\/index.php\/contact-2\/#primaryimage"},"image":{"@id":"https:\/\/mariecabrejas.fr\/index.php\/contact-2\/#primaryimage"},"thumbnailUrl":"https:\/\/mariecabrejas.fr\/wp-content\/uploads\/2023\/12\/telephone.png","datePublished":"2023-11-25T14:55:34+00:00","dateModified":"2024-01-12T12:54:29+00:00","breadcrumb":{"@id":"https:\/\/mariecabrejas.fr\/index.php\/contact-2\/#breadcrumb"},"inLanguage":"fr-FR","potentialAction":[{"@type":"ReadAction","target":["https:\/\/mariecabrejas.fr\/index.php\/contact-2\/"]}]},{"@type":"ImageObject","inLanguage":"fr-FR","@id":"https:\/\/mariecabrejas.fr\/index.php\/contact-2\/#primaryimage","url":"https:\/\/mariecabrejas.fr\/wp-content\/uploads\/2023\/12\/telephone.png","contentUrl":"https:\/\/mariecabrejas.fr\/wp-content\/uploads\/2023\/12\/telephone.png","width":512,"height":512},{"@type":"BreadcrumbList","@id":"https:\/\/mariecabrejas.fr\/index.php\/contact-2\/#breadcrumb","itemListElement":[{"@type":"ListItem","position":1,"name":"Accueil","item":"https:\/\/mariecabrejas.fr\/"},{"@type":"ListItem","position":2,"name":"Me contacter"}]},{"@type":"WebSite","@id":"https:\/\/mariecabrejas.fr\/#website","url":"https:\/\/mariecabrejas.fr\/","name":"Marie Cabrejas","description":"Naturopathe","publisher":{"@id":"https:\/\/mariecabrejas.fr\/#organization"},"potentialAction":[{"@type":"SearchAction","target":{"@type":"EntryPoint","urlTemplate":"https:\/\/mariecabrejas.fr\/?s={search_term_string}"},"query-input":{"@type":"PropertyValueSpecification","valueRequired":true,"valueName":"search_term_string"}}],"inLanguage":"fr-FR"},{"@type":"Organization","@id":"https:\/\/mariecabrejas.fr\/#organization","name":"Marie Cabrejas","url":"https:\/\/mariecabrejas.fr\/","logo":{"@type":"ImageObject","inLanguage":"fr-FR","@id":"https:\/\/mariecabrejas.fr\/#\/schema\/logo\/image\/","url":"https:\/\/mariecabrejas.fr\/wp-content\/uploads\/2023\/11\/cropped-Logo-blanc.png","contentUrl":"https:\/\/mariecabrejas.fr\/wp-content\/uploads\/2023\/11\/cropped-Logo-blanc.png","width":1918,"height":578,"caption":"Marie Cabrejas"},"image":{"@id":"https:\/\/mariecabrejas.fr\/#\/schema\/logo\/image\/"}}]}},"_links":{"self":[{"href":"https:\/\/mariecabrejas.fr\/index.php\/wp-json\/wp\/v2\/pages\/16","targetHints":{"allow":["GET"]}}],"collection":[{"href":"https:\/\/mariecabrejas.fr\/index.php\/wp-json\/wp\/v2\/pages"}],"about":[{"href":"https:\/\/mariecabrejas.fr\/index.php\/wp-json\/wp\/v2\/types\/page"}],"author":[{"embeddable":true,"href":"https:\/\/mariecabrejas.fr\/index.php\/wp-json\/wp\/v2\/users\/1"}],"replies":[{"embeddable":true,"href":"https:\/\/mariecabrejas.fr\/index.php\/wp-json\/wp\/v2\/comments?post=16"}],"version-history":[{"count":30,"href":"https:\/\/mariecabrejas.fr\/index.php\/wp-json\/wp\/v2\/pages\/16\/revisions"}],"predecessor-version":[{"id":621,"href":"https:\/\/mariecabrejas.fr\/index.php\/wp-json\/wp\/v2\/pages\/16\/revisions\/621"}],"wp:attachment":[{"href":"https:\/\/mariecabrejas.fr\/index.php\/wp-json\/wp\/v2\/media?parent=16"}],"curies":[{"name":"wp","href":"https:\/\/api.w.org\/{rel}","templated":true}]}}