{"id":3,"date":"2023-11-25T14:39:39","date_gmt":"2023-11-25T13:39:39","guid":{"rendered":"http:\/\/mariecabrejas.fr\/?page_id=3"},"modified":"2023-12-28T23:07:41","modified_gmt":"2023-12-28T22:07:41","slug":"politique-de-confidentialite","status":"publish","type":"page","link":"https:\/\/mariecabrejas.fr\/index.php\/politique-de-confidentialite\/","title":{"rendered":"Politique de confidentialit\u00e9"},"content":{"rendered":"\n<h2 class=\"wp-block-heading\">Qui sommes-nous&nbsp;?<\/h2>\n\n\n\n<p>L\u2019adresse de notre site est\u00a0: http:\/\/mariecabrejas.fr.<\/p>\n\n\n\n<h2 class=\"wp-block-heading my-justify-class\">Commentaires<\/h2>\n\n\n\n<p class=\"Alexia PIERSON exploite le site web www.alexpier-naturopathe.fr (ci-apr\u00e8s d\u00e9sign\u00e9 par terme \u00ab Service \u00bb). Cette page vous explique ma politique en mati\u00e8re de collecte, d\u2019utilisation et communication des donn\u00e9es \u00e0 caract\u00e8re personnel lorsque utilisez mon ainsi que les choix qui s\u2019offrent ce concerne ces donn\u00e9es. J\u2019utilise vos pour fournir am\u00e9liorer Service. En utilisant Service, consentez la collecte l\u2019utilisation d\u2019informations conform\u00e9ment pr\u00e9sente politique. Sauf d\u00e9finition contraire dans Politique Confidentialit\u00e9, termes utilis\u00e9s Confidentialit\u00e9 ont m\u00eame signification mes Conditions G\u00e9n\u00e9rales sont disponibles sur www.alexpier-naturopathe.fr. D\u00e9finitions \u2014\u2014\u2014\u2013 Par on entend exploit\u00e9 Donn\u00e9es Caract\u00e8re Personnel d\u00e9signe concernant un individu vivant peut \u00eatre identifi\u00e9 partir (ou d\u2019autres informations notre possession ou susceptibles d\u2019entrer possession). d\u2019Utilisation Les recueillies automatiquement g\u00e9n\u00e9r\u00e9es soit du l\u2019infrastructure proprement dite (par exemple, dur\u00e9e consultation d\u2019une page). Cookies cookies petits fichiers enregistr\u00e9s votre disposition (ordinateur dispositif mobile). Responsable Traitement personne physique morale (seule, conjointement commun avec personnes) d\u00e9termine finalit\u00e9s modalit\u00e9s selon lesquelles toutes personnelles trait\u00e9es doivent l\u2019\u00eatre. Aux fins je suis personnel. Sous-Traitants Prestataires Services) Le Sous-Traitant Prestataire Service) toute traite au nom Traitement. Il se fasse appel aux services plusieurs Services afin traiter plus efficacement. Personne Concern\u00e9e Utilisateur) Concern\u00e9e, j\u2019entends vivante utilise est sujet Personnel. Collecte utilisation \u2014\u2014\u2014\u2014\u2014\u2014\u2014\u2014\u2014\u2014\u2014\u2013 Je recueille types diff\u00e9rentes vue l\u2019am\u00e9liorer. Types ~~~~~~~~~~~~~~~~~~~~~~~~~~~~ ***************************** Lorsque il possible demande me certaines nominatives peuvent servir contacter identifier (\u00ab comprendre, mais mani\u00e8re non limitative: Adresse e-mail Pr\u00e9nom famille peux utiliser envoyer bulletins d\u2019information, communications commerciales promotions int\u00e9resser. Vous pouvez choisir ne recevoir aucune part cliquant lien d\u00e9sabonnement suivant instructions figurent chacun e-mails envoie. ********************* \u00e9galement recueillir relatives mode d\u2019acc\u00e8s Ces comprendre telles l\u2019adresse protocole Internet (c.-\u00e0-d. IP) ordinateur, type navigateur, version pages consultez, date l\u2019heure visite, temps pass\u00e9 pages, identifiants uniques dispositifs diagnostic. Suivi *************************** J\u2019ai recours technologies suivi similaires effectuer activit\u00e9s effectu\u00e9es conserverai informations. faible volume pouvant comporter identifiant unique anonyme. envoy\u00e9s navigateur depuis stock\u00e9s dispositif. D\u2019autres pixels, balises scripts utilis\u00e9es suivre d\u2019am\u00e9liorer d\u2019analyser demander refuser tous avertir lorsqu\u2019un cookie envoy\u00e9. Toutefois, si n\u2019acceptez pas cookies, puissiez certains \u00e9l\u00e9ments Exemples j\u2019utilise : Session. Session faire fonctionner Pr\u00e9f\u00e9rences. Pr\u00e9f\u00e9rences m\u00e9moriser pr\u00e9f\u00e9rences diff\u00e9rents param\u00e8tres. S\u00e9curit\u00e9. S\u00e9curit\u00e9 raisons s\u00e9curit\u00e9. Utilisation \u2014\u2014\u2014\u2014\u2014\u2014\u2014\u2013 diverses: Pour assurer changements apport\u00e9s permettre d\u2019utiliser fonctions interactives quand souhaitez l\u2019assistance client pr\u00e9cieuses d\u2019analyses permettront contr\u00f4ler d\u00e9tecter, pr\u00e9venir r\u00e9gler probl\u00e8mes techniques l\u2019actualit\u00e9, d\u2019offres sp\u00e9ciales d\u2019ordre g\u00e9n\u00e9ral marchandises, \u00e9v\u00e9nements propose ceux avez d\u00e9j\u00e0 achet\u00e9s desquels \u00eates renseign\u00e9, sauf indiqu\u00e9 voulez cette nature. Fondement juridique traitement vertu R\u00e8glement G\u00e9n\u00e9ral relatif Protection (RGPD) \u2014\u2014\u2014\u2014\u2014\u2014\u2014\u2014\u2014\u2014\u2014\u2014\u2014\u2014\u2014\u2014\u2014\u2014\u2014\u2014\u2014\u2014\u2014\u2014\u2014\u2014\u2014\u2014\u2014\u2014\u2014\u2014\u2014\u2014\u2014\u2014\u2014\u2014\u2014\u2014\u2014\u2014\u2014\u2014\u2014\u2014\u2013 Si r\u00e9sidez l\u2019Espace \u00e9conomique europ\u00e9en (EEE), fondement d\u00e9crites d\u00e9pend nous recueillons contexte pr\u00e9cis lequel recueillons. Personnel: Parce j\u2019ai besoin d\u2019ex\u00e9cuter contrat m\u2019 autoris\u00e9s int\u00e9r\u00eat l\u00e9gitime droits priment cet \u00c0 paiements respecter loi Conservation \u2014\u2014\u2014\u2014\u2014\u2014\u2014\u2014 conservera tant cela sera n\u00e9cessaire stipul\u00e9es Confidentialit\u00e9. utiliserai mesure o\u00f9 puisse m\u2019acquitter nos obligations l\u00e9gales l\u00e9gislation vigueur), r\u00e9soudre diff\u00e9rends appliquer accords politiques. internes. g\u00e9n\u00e9ralement conserv\u00e9es une p\u00e9riode courte, renforcer s\u00e9curit\u00e9 fonctionnalit\u00e9s l\u00e9galement tenue conserver longtemps. Transfert \u2014\u2014\u2014\u2014\u2014\u2014\u2014 concernant, notamment Personnel, transf\u00e9r\u00e9es r\u00e9gion, province, pays, autre division territoriale vers ordinateurs \u2013 stock\u00e9es derniers situ\u00e9s endroit relative protection diff\u00e8re celle territoire r\u00e9sidez. hors de\/du France choisissez communiquer informations, sachez transf\u00e8re donn\u00e9es, y compris le\/la traitons. acceptant puis soumettant transfert. prendra mesures raisonnablement n\u00e9cessaires sorte soient s\u00e9curis\u00e9e seront organisation ni aucun pays moins contr\u00f4les ad\u00e9quats place, personnelles. Communication forces l\u2019ordre ~~~~~~~~~~~~~~~~~~~~~~~~~~~~~~~~~~~~~~~~~~~~~~ Dans circonstances, l\u2019exige r\u00e9ponse demandes valides \u00e9manant pouvoirs publics ex. tribunal organisme gouvernemental). Exigences ~~~~~~~~~~~~~~~~~ elle estime bonne foi pour: S\u2019acquitter obligation l\u00e9gale Prot\u00e9ger d\u00e9fendre biens Pr\u00e9venir d\u2019\u00e9ventuels actes r\u00e9pr\u00e9hensibles enqu\u00eater tels cadre Assurer personnelle utilisateurs public Se prot\u00e9ger contre responsabilit\u00e9 civile \u2014\u2014\u2014\u2014\u2014\u2014\u2013 La tient c\u0153ur. n\u2019oubliez qu\u2019aucune m\u00e9thode transmission stockage \u00e9lectronique n\u2019est s\u00fbre 100 %. Bien m\u2019efforce m\u00e9thodes commercialement acceptables leur garantir absolue. Droits accord\u00e9s \u2014\u2014\u2014\u2014\u2014\u2014\u2014\u2014\u2014\u2014\u2014\u2014\u2014\u2014\u2014\u2014\u2014\u2014\u2014\u2014\u2014\u2014\u2014\u2014\u2014\u2014\u2014\u2014\u2014\u2014\u2014\u2014\u2014\u2014\u2014\u2014\u2014\u2014\u2014\u2014\u2014\u2013 prendre raisonnables corriger, modifier, supprimer d\u2019en limiter l\u2019utilisation. savoir quelles d\u00e9tiens qu\u2019elles supprim\u00e9es syst\u00e8mes, veuillez contacter. suivants donn\u00e9es: droit d\u2019acc\u00e9der sujet, actualiser supprimer. option propos\u00e9e, consulter suppression section param\u00e8tres compte. actions vous-m\u00eame, merci obtenir l\u2019aide. Droit rectification. rectifier elles inexactes incompl\u00e8tes. d\u2019opposition. opposer limitation portabilit\u00e9 copie format couramment utilis\u00e9, structur\u00e9 lisible machine. retrait consentement. retirer consentement tout moment s\u2019est appuy\u00e9 Veuillez noter prouver identit\u00e9 avant r\u00e9pondre d\u00e9poser plainte aupr\u00e8s autorit\u00e9 pr\u00e9cisions, l\u2019autorit\u00e9 proche (EEE). soci\u00e9t\u00e9s tierces personnes faciliter prestation \u00bb), nom, li\u00e9s m\u2019aider analyser fa\u00e7on dont utilis\u00e9. tiers n\u2019ont acc\u00e8s t\u00e2ches interdit fins. Analyses ~~~~~~~~ surveiller Google Analytics service d\u2019analyse propos\u00e9 assure trafic d\u2019un rend partag\u00e9es Google. contextualiser personnaliser annonces son propre r\u00e9seau publicitaire. emp\u00eacher mises installant plug-in Opt out browser add-on Analytics. Ce plugin emp\u00eache code JavaScript (ga.js, analytics.js dc.js) partager li\u00e9es visites pr\u00e9cisions pratiques confidentialit\u00e9 Google, vie priv\u00e9e conditions Google: <https:\/\/policies.google.com\/privacy?hl=en&gt; Remarketing comportemental ~~~~~~~~~~~~~~~~~~~~~~~~~~ fait remarketing pr\u00e9senter sites apr\u00e8s ayez consult\u00e9 Mes fournisseurs moi utilisons fa\u00e7onner, optimiser diffuser fonction fr\u00e9quentation ant\u00e9rieure Facebook fourni Inc. publicit\u00e9s bas\u00e9es centres d\u2019int\u00e9r\u00eat consultant <https:\/\/www.facebook.com\/help\/164968693837950&gt; d\u2019int\u00e9r\u00eat, suivez <https:\/\/www.facebook.com\/help\/568137493302217&gt; respecte Principes d\u2019autor\u00e9gulation publicit\u00e9 comportementale ligne \u00e9tablis Digital Advertising Alliance. aussi participantes biais Alliance \u00c9tats-Unis <http:\/\/www.aboutads.info\/choices\/&gt;, of Canada <http:\/\/youradchoices.ca\/&gt; European Interactive Europ <http:\/\/www.youronlinechoices.eu\/&gt;, mobile. Facebook, <https:\/\/www.facebook.com\/privacy\/explanation&gt; Paiements ~~~~~~~~~ produits et\/ payants pareil cas, ferons paiements). recueillerai carte paiement. directement communiqu\u00e9es traitent paiements, utilisent confidentialit\u00e9. respectent norme PCI-DSS g\u00e9r\u00e9e PCI Security Standards Council, fruit effort concert\u00e9 entre marques Visa, MasterCard, American Express Discover. exigences aident s\u00e9curis\u00e9 travaille PayPal Leur disponible <https:\/\/www.paypal.com\/webapps\/mpp\/ua\/privacy-full&gt; \u2014\u2014\u2014\u2014\u2014\u2014\u2014\u2014\u2014\u2014\u2014- contienne liens pointant n\u2019exploite pas. cliquez tiers, serez redirig\u00e9 tiers. recommande vivement d\u2019examiner consultez. n\u2019ai contr\u00f4le contenu, politiques d\u00e9clinons concerne. Vie enfants \u2014\u2014\u2014\u2014\u2014\u2014\u2014- Mon s\u2019adresse 18 ans Enfants sciemment ans. parent tuteur savez Enfant a communiqu\u00e9 j\u2019apprends recueilli d\u2019enfants sans v\u00e9rifier s\u2019il parental, ferai serveurs. Modifications \u2014\u2014\u2014\u2014\u2014\u2014\u2014\u2014\u2014\u2014\u2014\u2014\u2014\u2014\u2014\u2014\u2014\u2014\u2014 r\u00e9serve d\u2019actualiser autre. informerai modification publiant nouvelle page. Avant prenne effet, pla\u00e7ant avis bien actualiserons prise d\u2019effet \u00bb figure haut conseille p\u00e9riodiquement connaissance modification. modifications apport\u00e9es prennent effet lorsqu\u2019elles publi\u00e9es Me \u2014\u2014\u2014\u2014\u2013 question courrier \u00e9lectronique: contact@alexpier-naturopathe.fr\">Quand vous laissez un commentaire sur notre site, les donn\u00e9es inscrites dans le formulaire de commentaire, ainsi que votre adresse IP et l\u2019agent utilisateur de votre navigateur sont collect\u00e9s pour nous aider \u00e0 la d\u00e9tection des commentaires ind\u00e9sirables.<\/p>\n\n\n\n<p class=\"my-justify-class\">Une cha\u00eene anonymis\u00e9e cr\u00e9\u00e9e \u00e0 partir de votre adresse e-mail (\u00e9galement appel\u00e9e hash) peut \u00eatre envoy\u00e9e au service Gravatar pour v\u00e9rifier si vous utilisez ce dernier. Les clauses de confidentialit\u00e9 du service Gravatar sont disponibles ici&nbsp;: https:\/\/automattic.com\/privacy\/. Apr\u00e8s validation de votre commentaire, votre photo de profil sera visible publiquement \u00e0 cot\u00e9 de votre commentaire.<\/p>\n\n\n\n<h2 class=\"wp-block-heading\">M\u00e9dias<\/h2>\n\n\n\n<p class=\"my-justify-class\">Si vous t\u00e9l\u00e9versez des images sur le site, nous vous conseillons d\u2019\u00e9viter de t\u00e9l\u00e9verser des images contenant des donn\u00e9es EXIF de coordonn\u00e9es GPS. Les personnes visitant votre site peuvent t\u00e9l\u00e9charger et extraire des donn\u00e9es de localisation depuis ces images.<\/p>\n\n\n\n<h2 class=\"wp-block-heading\">Cookies<\/h2>\n\n\n\n<p class=\"my-justify-class\">Si vous d\u00e9posez un commentaire sur notre site, il vous sera propos\u00e9 d\u2019enregistrer votre nom, adresse e-mail et site dans des cookies. C\u2019est uniquement pour votre confort afin de ne pas avoir \u00e0 saisir ces informations si vous d\u00e9posez un autre commentaire plus tard. Ces cookies expirent au bout d\u2019un an.<\/p>\n\n\n\n<p class=\"my-justify-class\">Si vous vous rendez sur la page de connexion, un cookie temporaire sera cr\u00e9\u00e9 afin de d\u00e9terminer si votre navigateur accepte les cookies. Il ne contient pas de donn\u00e9es personnelles et sera supprim\u00e9 automatiquement \u00e0 la fermeture de votre navigateur.<\/p>\n\n\n\n<p class=\"my-justify-class\">Lorsque vous vous connecterez, nous mettrons en place un certain nombre de cookies pour enregistrer vos informations de connexion et vos pr\u00e9f\u00e9rences d\u2019\u00e9cran. La dur\u00e9e de vie d\u2019un cookie de connexion est de deux jours, celle d\u2019un cookie d\u2019option d\u2019\u00e9cran est d\u2019un an. Si vous cochez \u00ab&nbsp;Se souvenir de moi&nbsp;\u00bb, votre cookie de connexion sera conserv\u00e9 pendant deux semaines. Si vous vous d\u00e9connectez de votre compte, le cookie de connexion sera effac\u00e9.<\/p>\n\n\n\n<p class=\"my-justify-class\">En modifiant ou en publiant une publication, un cookie suppl\u00e9mentaire sera enregistr\u00e9 dans votre navigateur. Ce cookie ne comprend aucune donn\u00e9e personnelle. Il indique simplement l\u2019ID de la publication que vous venez de modifier. Il expire au bout d\u2019un jour.<\/p>\n\n\n\n<h2 class=\"wp-block-heading\">Contenu embarqu\u00e9 depuis d\u2019autres sites<\/h2>\n\n\n\n<p class=\"my-justify-class\">Les articles de ce site peuvent inclure des contenus int\u00e9gr\u00e9s (par exemple des vid\u00e9os, images, articles\u2026). Le contenu int\u00e9gr\u00e9 depuis d\u2019autres sites se comporte de la m\u00eame mani\u00e8re que si le visiteur se rendait sur cet autre site.<\/p>\n\n\n\n<p class=\"my-justify-class\">Ces sites web pourraient collecter des donn\u00e9es sur vous, utiliser des cookies, embarquer des outils de suivis tiers, suivre vos interactions avec ces contenus embarqu\u00e9s si vous disposez d\u2019un compte connect\u00e9 sur leur site web.<\/p>\n\n\n\n<h2 class=\"wp-block-heading\">Utilisation et transmission de vos donn\u00e9es personnelles<\/h2>\n\n\n\n<p>Si vous demandez une r\u00e9initialisation de votre mot de passe, votre adresse IP sera incluse dans l\u2019e-mail de r\u00e9initialisation.<\/p>\n\n\n\n<h2 class=\"wp-block-heading\">Dur\u00e9es de stockage de vos donn\u00e9es<\/h2>\n\n\n\n<p class=\"my-justify-class\">Si vous laissez un commentaire, le commentaire et ses m\u00e9tadonn\u00e9es sont conserv\u00e9s ind\u00e9finiment. Cela permet de reconna\u00eetre et approuver automatiquement les commentaires suivants au lieu de les laisser dans la file de mod\u00e9ration.<\/p>\n\n\n\n<p class=\"my-justify-class\">Pour les comptes qui s\u2019inscrivent sur notre site (le cas \u00e9ch\u00e9ant), nous stockons \u00e9galement les donn\u00e9es personnelles indiqu\u00e9es dans leur profil. Tous les comptes peuvent voir, modifier ou supprimer leurs informations personnelles \u00e0 tout moment (\u00e0 l\u2019exception de leur identifiant). Les gestionnaires du site peuvent aussi voir et modifier ces informations.<\/p>\n\n\n\n<h2 class=\"wp-block-heading\">Les droits que vous avez sur vos donn\u00e9es<\/h2>\n\n\n\n<p class=\"my-justify-class\">Si vous avez un compte ou si vous avez laiss\u00e9 des commentaires sur le site, vous pouvez demander \u00e0 recevoir un fichier contenant toutes les donn\u00e9es personnelles que nous poss\u00e9dons \u00e0 votre sujet, incluant celles que vous nous avez fournies. Vous pouvez \u00e9galement demander la suppression des donn\u00e9es personnelles vous concernant. Cela ne prend pas en compte les donn\u00e9es stock\u00e9es \u00e0 des fins administratives, l\u00e9gales ou pour des raisons de s\u00e9curit\u00e9.<\/p>\n\n\n\n<h2 class=\"wp-block-heading\">Transmission de vos donn\u00e9es personnelles<\/h2>\n\n\n\n<p class=\"my-justify-class\">Les commentaires des visiteurs peuvent \u00eatre v\u00e9rifi\u00e9s \u00e0 l\u2019aide d\u2019un service automatis\u00e9 de d\u00e9tection des commentaires ind\u00e9sirables.<\/p>\n","protected":false},"excerpt":{"rendered":"<p>Qui sommes-nous&nbsp;? L\u2019adresse de notre site est\u00a0: http:\/\/mariecabrejas.fr. Commentaires Quand vous laissez un commentaire sur notre site, les donn\u00e9es inscrites dans le formulaire de commentaire, ainsi que votre adresse IP et l\u2019agent utilisateur de votre navigateur sont collect\u00e9s pour nous aider \u00e0 la d\u00e9tection des commentaires ind\u00e9sirables. Une cha\u00eene anonymis\u00e9e cr\u00e9\u00e9e \u00e0 partir de votre&hellip;&nbsp;<a href=\"https:\/\/mariecabrejas.fr\/index.php\/politique-de-confidentialite\/\" rel=\"bookmark\">Lire la suite &raquo;<span class=\"screen-reader-text\">Politique de confidentialit\u00e9<\/span><\/a><\/p>\n","protected":false},"author":1,"featured_media":0,"parent":0,"menu_order":0,"comment_status":"closed","ping_status":"open","template":"","meta":{"_monsterinsights_skip_tracking":false,"_monsterinsights_sitenote_active":false,"_monsterinsights_sitenote_note":"","_monsterinsights_sitenote_category":0,"neve_meta_sidebar":"","neve_meta_container":"","neve_meta_enable_content_width":"","neve_meta_content_width":0,"neve_meta_title_alignment":"","neve_meta_author_avatar":"","neve_post_elements_order":"","neve_meta_disable_header":"","neve_meta_disable_footer":"","neve_meta_disable_title":"","footnotes":""},"class_list":["post-3","page","type-page","status-publish","hentry"],"yoast_head":"<!-- This site is optimized with the Yoast SEO plugin v26.8 - https:\/\/yoast.com\/product\/yoast-seo-wordpress\/ -->\n<title>Politique de confidentialit\u00e9 - Marie Cabrejas<\/title>\n<meta name=\"robots\" content=\"index, follow, max-snippet:-1, max-image-preview:large, max-video-preview:-1\" \/>\n<link rel=\"canonical\" href=\"https:\/\/mariecabrejas.fr\/index.php\/politique-de-confidentialite\/\" \/>\n<meta property=\"og:locale\" content=\"fr_FR\" \/>\n<meta property=\"og:type\" content=\"article\" \/>\n<meta property=\"og:title\" content=\"Politique de confidentialit\u00e9 - Marie Cabrejas\" \/>\n<meta property=\"og:description\" content=\"Qui sommes-nous&nbsp;? L\u2019adresse de notre site est\u00a0: http:\/\/mariecabrejas.fr. Commentaires Quand vous laissez un commentaire sur notre site, les donn\u00e9es inscrites dans le formulaire de commentaire, ainsi que votre adresse IP et l\u2019agent utilisateur de votre navigateur sont collect\u00e9s pour nous aider \u00e0 la d\u00e9tection des commentaires ind\u00e9sirables. Une cha\u00eene anonymis\u00e9e cr\u00e9\u00e9e \u00e0 partir de votre&hellip;&nbsp;Lire la suite &raquo;Politique de confidentialit\u00e9\" \/>\n<meta property=\"og:url\" content=\"https:\/\/mariecabrejas.fr\/index.php\/politique-de-confidentialite\/\" \/>\n<meta property=\"og:site_name\" content=\"Marie Cabrejas\" \/>\n<meta property=\"article:modified_time\" content=\"2023-12-28T22:07:41+00:00\" \/>\n<meta name=\"twitter:card\" content=\"summary_large_image\" \/>\n<meta name=\"twitter:label1\" content=\"Dur\u00e9e de lecture estim\u00e9e\" \/>\n\t<meta name=\"twitter:data1\" content=\"4 minutes\" \/>\n<script type=\"application\/ld+json\" class=\"yoast-schema-graph\">{\"@context\":\"https:\/\/schema.org\",\"@graph\":[{\"@type\":\"WebPage\",\"@id\":\"https:\/\/mariecabrejas.fr\/index.php\/politique-de-confidentialite\/\",\"url\":\"https:\/\/mariecabrejas.fr\/index.php\/politique-de-confidentialite\/\",\"name\":\"Politique de confidentialit\u00e9 - Marie Cabrejas\",\"isPartOf\":{\"@id\":\"https:\/\/mariecabrejas.fr\/#website\"},\"datePublished\":\"2023-11-25T13:39:39+00:00\",\"dateModified\":\"2023-12-28T22:07:41+00:00\",\"breadcrumb\":{\"@id\":\"https:\/\/mariecabrejas.fr\/index.php\/politique-de-confidentialite\/#breadcrumb\"},\"inLanguage\":\"fr-FR\",\"potentialAction\":[{\"@type\":\"ReadAction\",\"target\":[\"https:\/\/mariecabrejas.fr\/index.php\/politique-de-confidentialite\/\"]}]},{\"@type\":\"BreadcrumbList\",\"@id\":\"https:\/\/mariecabrejas.fr\/index.php\/politique-de-confidentialite\/#breadcrumb\",\"itemListElement\":[{\"@type\":\"ListItem\",\"position\":1,\"name\":\"Accueil\",\"item\":\"https:\/\/mariecabrejas.fr\/\"},{\"@type\":\"ListItem\",\"position\":2,\"name\":\"Politique de confidentialit\u00e9\"}]},{\"@type\":\"WebSite\",\"@id\":\"https:\/\/mariecabrejas.fr\/#website\",\"url\":\"https:\/\/mariecabrejas.fr\/\",\"name\":\"Marie Cabrejas\",\"description\":\"Naturopathe\",\"publisher\":{\"@id\":\"https:\/\/mariecabrejas.fr\/#organization\"},\"potentialAction\":[{\"@type\":\"SearchAction\",\"target\":{\"@type\":\"EntryPoint\",\"urlTemplate\":\"https:\/\/mariecabrejas.fr\/?s={search_term_string}\"},\"query-input\":{\"@type\":\"PropertyValueSpecification\",\"valueRequired\":true,\"valueName\":\"search_term_string\"}}],\"inLanguage\":\"fr-FR\"},{\"@type\":\"Organization\",\"@id\":\"https:\/\/mariecabrejas.fr\/#organization\",\"name\":\"Marie Cabrejas\",\"url\":\"https:\/\/mariecabrejas.fr\/\",\"logo\":{\"@type\":\"ImageObject\",\"inLanguage\":\"fr-FR\",\"@id\":\"https:\/\/mariecabrejas.fr\/#\/schema\/logo\/image\/\",\"url\":\"https:\/\/mariecabrejas.fr\/wp-content\/uploads\/2023\/11\/cropped-Logo-blanc.png\",\"contentUrl\":\"https:\/\/mariecabrejas.fr\/wp-content\/uploads\/2023\/11\/cropped-Logo-blanc.png\",\"width\":1918,\"height\":578,\"caption\":\"Marie Cabrejas\"},\"image\":{\"@id\":\"https:\/\/mariecabrejas.fr\/#\/schema\/logo\/image\/\"}}]}<\/script>\n<!-- \/ Yoast SEO plugin. -->","yoast_head_json":{"title":"Politique de confidentialit\u00e9 - Marie Cabrejas","robots":{"index":"index","follow":"follow","max-snippet":"max-snippet:-1","max-image-preview":"max-image-preview:large","max-video-preview":"max-video-preview:-1"},"canonical":"https:\/\/mariecabrejas.fr\/index.php\/politique-de-confidentialite\/","og_locale":"fr_FR","og_type":"article","og_title":"Politique de confidentialit\u00e9 - Marie Cabrejas","og_description":"Qui sommes-nous&nbsp;? L\u2019adresse de notre site est\u00a0: http:\/\/mariecabrejas.fr. Commentaires Quand vous laissez un commentaire sur notre site, les donn\u00e9es inscrites dans le formulaire de commentaire, ainsi que votre adresse IP et l\u2019agent utilisateur de votre navigateur sont collect\u00e9s pour nous aider \u00e0 la d\u00e9tection des commentaires ind\u00e9sirables. Une cha\u00eene anonymis\u00e9e cr\u00e9\u00e9e \u00e0 partir de votre&hellip;&nbsp;Lire la suite &raquo;Politique de confidentialit\u00e9","og_url":"https:\/\/mariecabrejas.fr\/index.php\/politique-de-confidentialite\/","og_site_name":"Marie Cabrejas","article_modified_time":"2023-12-28T22:07:41+00:00","twitter_card":"summary_large_image","twitter_misc":{"Dur\u00e9e de lecture estim\u00e9e":"4 minutes"},"schema":{"@context":"https:\/\/schema.org","@graph":[{"@type":"WebPage","@id":"https:\/\/mariecabrejas.fr\/index.php\/politique-de-confidentialite\/","url":"https:\/\/mariecabrejas.fr\/index.php\/politique-de-confidentialite\/","name":"Politique de confidentialit\u00e9 - Marie Cabrejas","isPartOf":{"@id":"https:\/\/mariecabrejas.fr\/#website"},"datePublished":"2023-11-25T13:39:39+00:00","dateModified":"2023-12-28T22:07:41+00:00","breadcrumb":{"@id":"https:\/\/mariecabrejas.fr\/index.php\/politique-de-confidentialite\/#breadcrumb"},"inLanguage":"fr-FR","potentialAction":[{"@type":"ReadAction","target":["https:\/\/mariecabrejas.fr\/index.php\/politique-de-confidentialite\/"]}]},{"@type":"BreadcrumbList","@id":"https:\/\/mariecabrejas.fr\/index.php\/politique-de-confidentialite\/#breadcrumb","itemListElement":[{"@type":"ListItem","position":1,"name":"Accueil","item":"https:\/\/mariecabrejas.fr\/"},{"@type":"ListItem","position":2,"name":"Politique de confidentialit\u00e9"}]},{"@type":"WebSite","@id":"https:\/\/mariecabrejas.fr\/#website","url":"https:\/\/mariecabrejas.fr\/","name":"Marie Cabrejas","description":"Naturopathe","publisher":{"@id":"https:\/\/mariecabrejas.fr\/#organization"},"potentialAction":[{"@type":"SearchAction","target":{"@type":"EntryPoint","urlTemplate":"https:\/\/mariecabrejas.fr\/?s={search_term_string}"},"query-input":{"@type":"PropertyValueSpecification","valueRequired":true,"valueName":"search_term_string"}}],"inLanguage":"fr-FR"},{"@type":"Organization","@id":"https:\/\/mariecabrejas.fr\/#organization","name":"Marie Cabrejas","url":"https:\/\/mariecabrejas.fr\/","logo":{"@type":"ImageObject","inLanguage":"fr-FR","@id":"https:\/\/mariecabrejas.fr\/#\/schema\/logo\/image\/","url":"https:\/\/mariecabrejas.fr\/wp-content\/uploads\/2023\/11\/cropped-Logo-blanc.png","contentUrl":"https:\/\/mariecabrejas.fr\/wp-content\/uploads\/2023\/11\/cropped-Logo-blanc.png","width":1918,"height":578,"caption":"Marie Cabrejas"},"image":{"@id":"https:\/\/mariecabrejas.fr\/#\/schema\/logo\/image\/"}}]}},"_links":{"self":[{"href":"https:\/\/mariecabrejas.fr\/index.php\/wp-json\/wp\/v2\/pages\/3","targetHints":{"allow":["GET"]}}],"collection":[{"href":"https:\/\/mariecabrejas.fr\/index.php\/wp-json\/wp\/v2\/pages"}],"about":[{"href":"https:\/\/mariecabrejas.fr\/index.php\/wp-json\/wp\/v2\/types\/page"}],"author":[{"embeddable":true,"href":"https:\/\/mariecabrejas.fr\/index.php\/wp-json\/wp\/v2\/users\/1"}],"replies":[{"embeddable":true,"href":"https:\/\/mariecabrejas.fr\/index.php\/wp-json\/wp\/v2\/comments?post=3"}],"version-history":[{"count":2,"href":"https:\/\/mariecabrejas.fr\/index.php\/wp-json\/wp\/v2\/pages\/3\/revisions"}],"predecessor-version":[{"id":523,"href":"https:\/\/mariecabrejas.fr\/index.php\/wp-json\/wp\/v2\/pages\/3\/revisions\/523"}],"wp:attachment":[{"href":"https:\/\/mariecabrejas.fr\/index.php\/wp-json\/wp\/v2\/media?parent=3"}],"curies":[{"name":"wp","href":"https:\/\/api.w.org\/{rel}","templated":true}]}}