{"id":415,"date":"2023-12-28T10:37:17","date_gmt":"2023-12-28T09:37:17","guid":{"rendered":"https:\/\/mariecabrejas.fr\/?page_id=415"},"modified":"2025-10-07T16:33:28","modified_gmt":"2025-10-07T14:33:28","slug":"tarifs","status":"publish","type":"page","link":"https:\/\/mariecabrejas.fr\/index.php\/tarifs\/","title":{"rendered":"Tarifs"},"content":{"rendered":"\n<div class=\"wp-block-cover alignfull\" style=\"min-height:349px;aspect-ratio:unset;\"><img loading=\"lazy\" decoding=\"async\" width=\"2560\" height=\"1463\" class=\"wp-block-cover__image-background wp-image-466\" alt=\"\" src=\"https:\/\/mariecabrejas.fr\/wp-content\/uploads\/2023\/12\/Firefly-image-de-plante-dans-les-couleurs-B4C6B7-C97D68-CCA69A-et-EADED5-66418-scaled.jpg\" data-object-fit=\"cover\" srcset=\"https:\/\/mariecabrejas.fr\/wp-content\/uploads\/2023\/12\/Firefly-image-de-plante-dans-les-couleurs-B4C6B7-C97D68-CCA69A-et-EADED5-66418-scaled.jpg 2560w, https:\/\/mariecabrejas.fr\/wp-content\/uploads\/2023\/12\/Firefly-image-de-plante-dans-les-couleurs-B4C6B7-C97D68-CCA69A-et-EADED5-66418-300x171.jpg 300w, https:\/\/mariecabrejas.fr\/wp-content\/uploads\/2023\/12\/Firefly-image-de-plante-dans-les-couleurs-B4C6B7-C97D68-CCA69A-et-EADED5-66418-1024x585.jpg 1024w, https:\/\/mariecabrejas.fr\/wp-content\/uploads\/2023\/12\/Firefly-image-de-plante-dans-les-couleurs-B4C6B7-C97D68-CCA69A-et-EADED5-66418-768x439.jpg 768w, https:\/\/mariecabrejas.fr\/wp-content\/uploads\/2023\/12\/Firefly-image-de-plante-dans-les-couleurs-B4C6B7-C97D68-CCA69A-et-EADED5-66418-1536x878.jpg 1536w, https:\/\/mariecabrejas.fr\/wp-content\/uploads\/2023\/12\/Firefly-image-de-plante-dans-les-couleurs-B4C6B7-C97D68-CCA69A-et-EADED5-66418-2048x1170.jpg 2048w\" sizes=\"auto, (max-width: 2560px) 100vw, 2560px\" \/><span aria-hidden=\"true\" class=\"wp-block-cover__background has-background-dim\"><\/span><div class=\"wp-block-cover__inner-container is-layout-constrained wp-block-cover-is-layout-constrained\">\n<p class=\"has-text-align-center has-large-font-size\">Prestations et tarifs<\/p>\n<\/div><\/div>\n\n\n\n<div style=\"height:61px\" aria-hidden=\"true\" class=\"wp-block-spacer\"><\/div>\n\n\n\n<p><\/p>\n\n\n\n<div class=\"wp-block-columns is-layout-flex wp-container-core-columns-is-layout-9d6595d7 wp-block-columns-is-layout-flex\">\n<div class=\"wp-block-column has-background is-layout-flow wp-block-column-is-layout-flow\" style=\"border-style:none;border-width:0px;background-color:#ebdfd54f;padding-top:var(--wp--preset--spacing--40);padding-bottom:var(--wp--preset--spacing--50)\">\n<p class=\"has-text-align-center\"><strong><big>Premi\u00e8re consultation<br><\/big><\/strong><br><br><strong>65\u20ac<br><\/strong>\u00c0 Basse-Goulaine ou \u00e0 distance<br>1h45<br><br><br><\/p>\n\n\n\n<div class=\"wp-block-buttons is-content-justification-center is-layout-flex wp-container-core-buttons-is-layout-16018d1d wp-block-buttons-is-layout-flex\">\n<div class=\"wp-block-button is-style-secondary\"><a class=\"wp-block-button__link has-custom-2-color has-text-color has-link-color wp-element-button\" href=\"https:\/\/calendly.com\/marie-cabrejas-naturo\/premiere-seance-de-naturopathie\" style=\"border-radius:100px\" target=\"_blank\" rel=\"noreferrer noopener\">Prendre rendez-vous<\/a><\/div>\n<\/div>\n<\/div>\n\n\n\n<div class=\"wp-block-column has-background is-layout-flow wp-block-column-is-layout-flow\" style=\"border-style:none;border-width:0px;background-color:#ebdfd54f;padding-top:var(--wp--preset--spacing--40)\">\n<p class=\"has-text-align-center\"><big><strong>Consultation de suivi<\/strong><br><\/big><br><br><strong>50\u20ac<br><\/strong>\u00c0 Basse-Goulaine ou \u00e0 distance<br>1h<br><br><br><\/p>\n\n\n\n<div class=\"wp-block-buttons is-content-justification-center is-layout-flex wp-container-core-buttons-is-layout-16018d1d wp-block-buttons-is-layout-flex\">\n<div class=\"wp-block-button is-style-secondary\"><a class=\"wp-block-button__link has-custom-2-color has-text-color has-link-color wp-element-button\" href=\"https:\/\/calendly.com\/marie-cabrejas-naturo\/consultation-de-suivi\" style=\"border-radius:100px\" target=\"_blank\" rel=\"noreferrer noopener\">Prendre rendez-vous<\/a><\/div>\n<\/div>\n<\/div>\n\n\n\n<div class=\"wp-block-column has-background is-layout-flow wp-block-column-is-layout-flow\" style=\"border-style:none;border-width:0px;background-color:#ebdfd54f;padding-top:var(--wp--preset--spacing--40)\">\n<p class=\"has-text-align-center\"><big><strong>Accompagnement sur<\/strong><\/big><strong><big> <\/big>6 mois<\/strong><big><br><\/big><br><br><strong>130\u20ac <br><\/strong><em><small>1 premi\u00e8re consultation<br>+ 2 consultations de suivi<\/small><\/em><br>\u00c0 Basse-Goulaine ou \u00e0 distance<br>1h45 + 1h + 1h<\/p>\n\n\n\n<div class=\"wp-block-buttons is-content-justification-center is-layout-flex wp-container-core-buttons-is-layout-16018d1d wp-block-buttons-is-layout-flex\">\n<div class=\"wp-block-button is-style-secondary\"><a class=\"wp-block-button__link has-custom-2-color has-text-color has-link-color wp-element-button\" href=\"https:\/\/calendly.com\/marie-cabrejas-naturo\/accompagnement-sur-6-mois\" style=\"border-radius:100px\" target=\"_blank\" rel=\"noreferrer noopener\">Prendre rendez-vous<\/a><\/div>\n<\/div>\n<\/div>\n<\/div>\n\n\n\n<div class=\"wp-block-columns is-layout-flex wp-container-core-columns-is-layout-9d6595d7 wp-block-columns-is-layout-flex\">\n<div class=\"wp-block-column has-background is-layout-flow wp-block-column-is-layout-flow\" style=\"border-style:none;border-width:0px;background-color:#ebdfd54f;padding-top:var(--wp--preset--spacing--40)\">\n<p class=\"has-text-align-center\"><strong>Suivi alimentaire &amp; coaching nutritionnel<br><\/strong><br><strong>40\u20ac <\/strong><br>\u00c0 Basse-Goulaine ou \u00e0 distance<\/p>\n\n\n\n<p><\/p>\n\n\n\n<div class=\"wp-block-buttons is-content-justification-center is-layout-flex wp-container-core-buttons-is-layout-16018d1d wp-block-buttons-is-layout-flex\">\n<div class=\"wp-block-button is-style-secondary\"><a class=\"wp-block-button__link has-custom-2-color has-text-color has-link-color wp-element-button\" href=\"https:\/\/calendar.app.google\/QC9C7kv2h6UyirfTA\" style=\"border-radius:100px\" target=\"_blank\" rel=\"noreferrer noopener\">Prendre rendez-vous<\/a><\/div>\n<\/div>\n\n\n\n<div style=\"height:33px\" aria-hidden=\"true\" class=\"wp-block-spacer\"><\/div>\n<\/div>\n<\/div>\n\n\n\n<p class=\"has-text-align-center\">Possibilit\u00e9 de paiement en 4 fois via Paypal<br>Les s\u00e9ances de naturopathie sont \u00e9ligibles au <strong>remboursement mutuelle<\/strong> (forfait m\u00e9decines douces).<br><em>N\u2019h\u00e9sitez pas \u00e0 vous rapprocher de la v\u00f4tre pour plus d\u2019informations.<\/em><\/p>\n\n\n\n<p><\/p>\n\n\n\n<div style=\"height:53px\" aria-hidden=\"true\" class=\"wp-block-spacer\"><\/div>\n\n\n<div class=\"wp-block-image is-style-circle-mask\">\n<figure class=\"aligncenter size-large is-resized\"><img loading=\"lazy\" decoding=\"async\" width=\"2560\" height=\"2560\" src=\"https:\/\/mariecabrejas.fr\/wp-content\/uploads\/2023\/12\/nataliya-melnychuk-YfQRzKwYLx8-unsplash-edited-1-scaled.jpg\" alt=\"\" class=\"wp-image-504\" style=\"width:246px;height:auto\" srcset=\"https:\/\/mariecabrejas.fr\/wp-content\/uploads\/2023\/12\/nataliya-melnychuk-YfQRzKwYLx8-unsplash-edited-1-scaled.jpg 2560w, https:\/\/mariecabrejas.fr\/wp-content\/uploads\/2023\/12\/nataliya-melnychuk-YfQRzKwYLx8-unsplash-edited-1-300x300.jpg 300w, https:\/\/mariecabrejas.fr\/wp-content\/uploads\/2023\/12\/nataliya-melnychuk-YfQRzKwYLx8-unsplash-edited-1-1024x1024.jpg 1024w, https:\/\/mariecabrejas.fr\/wp-content\/uploads\/2023\/12\/nataliya-melnychuk-YfQRzKwYLx8-unsplash-edited-1-150x150.jpg 150w, https:\/\/mariecabrejas.fr\/wp-content\/uploads\/2023\/12\/nataliya-melnychuk-YfQRzKwYLx8-unsplash-edited-1-768x768.jpg 768w, https:\/\/mariecabrejas.fr\/wp-content\/uploads\/2023\/12\/nataliya-melnychuk-YfQRzKwYLx8-unsplash-edited-1-1536x1536.jpg 1536w, https:\/\/mariecabrejas.fr\/wp-content\/uploads\/2023\/12\/nataliya-melnychuk-YfQRzKwYLx8-unsplash-edited-1-2048x2048.jpg 2048w\" sizes=\"auto, (max-width: 2560px) 100vw, 2560px\" \/><\/figure>\n<\/div>\n\n\n<div style=\"height:100px\" aria-hidden=\"true\" class=\"wp-block-spacer\"><\/div>\n","protected":false},"excerpt":{"rendered":"<p>Premi\u00e8re consultation 65\u20ac\u00c0 Basse-Goulaine ou \u00e0 distance1h45 Consultation de suivi 50\u20ac\u00c0 Basse-Goulaine ou \u00e0 distance1h Accompagnement sur 6 mois 130\u20ac 1 premi\u00e8re consultation+ 2 consultations de suivi\u00c0 Basse-Goulaine ou \u00e0 distance1h45 + 1h + 1h Suivi alimentaire &amp; coaching nutritionnel40\u20ac \u00c0 Basse-Goulaine ou \u00e0 distance Possibilit\u00e9 de paiement en 4 fois via PaypalLes s\u00e9ances de&hellip;&nbsp;<a href=\"https:\/\/mariecabrejas.fr\/index.php\/tarifs\/\" rel=\"bookmark\">Lire la suite &raquo;<span class=\"screen-reader-text\">Tarifs<\/span><\/a><\/p>\n","protected":false},"author":1,"featured_media":0,"parent":0,"menu_order":0,"comment_status":"closed","ping_status":"closed","template":"","meta":{"_monsterinsights_skip_tracking":false,"_monsterinsights_sitenote_active":false,"_monsterinsights_sitenote_note":"","_monsterinsights_sitenote_category":0,"neve_meta_sidebar":"","neve_meta_container":"default","neve_meta_enable_content_width":"","neve_meta_content_width":0,"neve_meta_title_alignment":"center","neve_meta_author_avatar":"","neve_post_elements_order":"","neve_meta_disable_header":"","neve_meta_disable_footer":"","neve_meta_disable_title":"on","footnotes":""},"class_list":["post-415","page","type-page","status-publish","hentry"],"yoast_head":"<!-- This site is optimized with the Yoast SEO plugin v26.8 - https:\/\/yoast.com\/product\/yoast-seo-wordpress\/ -->\n<title>Tarifs - Marie Cabrejas<\/title>\n<meta name=\"robots\" content=\"index, follow, max-snippet:-1, max-image-preview:large, max-video-preview:-1\" \/>\n<link rel=\"canonical\" href=\"https:\/\/mariecabrejas.fr\/index.php\/tarifs\/\" \/>\n<meta property=\"og:locale\" content=\"fr_FR\" \/>\n<meta property=\"og:type\" content=\"article\" \/>\n<meta property=\"og:title\" content=\"Tarifs - Marie Cabrejas\" \/>\n<meta property=\"og:description\" content=\"Premi\u00e8re consultation 65\u20ac\u00c0 Basse-Goulaine ou \u00e0 distance1h45 Consultation de suivi 50\u20ac\u00c0 Basse-Goulaine ou \u00e0 distance1h Accompagnement sur 6 mois 130\u20ac 1 premi\u00e8re consultation+ 2 consultations de suivi\u00c0 Basse-Goulaine ou \u00e0 distance1h45 + 1h + 1h Suivi alimentaire &amp; coaching nutritionnel40\u20ac \u00c0 Basse-Goulaine ou \u00e0 distance Possibilit\u00e9 de paiement en 4 fois via PaypalLes s\u00e9ances de&hellip;&nbsp;Lire la suite &raquo;Tarifs\" \/>\n<meta property=\"og:url\" content=\"https:\/\/mariecabrejas.fr\/index.php\/tarifs\/\" \/>\n<meta property=\"og:site_name\" content=\"Marie Cabrejas\" \/>\n<meta property=\"article:modified_time\" content=\"2025-10-07T14:33:28+00:00\" \/>\n<meta property=\"og:image\" content=\"https:\/\/mariecabrejas.fr\/wp-content\/uploads\/2023\/12\/Firefly-image-de-plante-dans-les-couleurs-B4C6B7-C97D68-CCA69A-et-EADED5-66418-scaled.jpg\" \/>\n\t<meta property=\"og:image:width\" content=\"2560\" \/>\n\t<meta property=\"og:image:height\" content=\"1463\" \/>\n\t<meta property=\"og:image:type\" content=\"image\/jpeg\" \/>\n<meta name=\"twitter:card\" content=\"summary_large_image\" \/>\n<script type=\"application\/ld+json\" class=\"yoast-schema-graph\">{\"@context\":\"https:\/\/schema.org\",\"@graph\":[{\"@type\":\"WebPage\",\"@id\":\"https:\/\/mariecabrejas.fr\/index.php\/tarifs\/\",\"url\":\"https:\/\/mariecabrejas.fr\/index.php\/tarifs\/\",\"name\":\"Tarifs - Marie Cabrejas\",\"isPartOf\":{\"@id\":\"https:\/\/mariecabrejas.fr\/#website\"},\"primaryImageOfPage\":{\"@id\":\"https:\/\/mariecabrejas.fr\/index.php\/tarifs\/#primaryimage\"},\"image\":{\"@id\":\"https:\/\/mariecabrejas.fr\/index.php\/tarifs\/#primaryimage\"},\"thumbnailUrl\":\"https:\/\/mariecabrejas.fr\/wp-content\/uploads\/2023\/12\/Firefly-image-de-plante-dans-les-couleurs-B4C6B7-C97D68-CCA69A-et-EADED5-66418-scaled.jpg\",\"datePublished\":\"2023-12-28T09:37:17+00:00\",\"dateModified\":\"2025-10-07T14:33:28+00:00\",\"breadcrumb\":{\"@id\":\"https:\/\/mariecabrejas.fr\/index.php\/tarifs\/#breadcrumb\"},\"inLanguage\":\"fr-FR\",\"potentialAction\":[{\"@type\":\"ReadAction\",\"target\":[\"https:\/\/mariecabrejas.fr\/index.php\/tarifs\/\"]}]},{\"@type\":\"ImageObject\",\"inLanguage\":\"fr-FR\",\"@id\":\"https:\/\/mariecabrejas.fr\/index.php\/tarifs\/#primaryimage\",\"url\":\"https:\/\/mariecabrejas.fr\/wp-content\/uploads\/2023\/12\/Firefly-image-de-plante-dans-les-couleurs-B4C6B7-C97D68-CCA69A-et-EADED5-66418-scaled.jpg\",\"contentUrl\":\"https:\/\/mariecabrejas.fr\/wp-content\/uploads\/2023\/12\/Firefly-image-de-plante-dans-les-couleurs-B4C6B7-C97D68-CCA69A-et-EADED5-66418-scaled.jpg\",\"width\":2560,\"height\":1463},{\"@type\":\"BreadcrumbList\",\"@id\":\"https:\/\/mariecabrejas.fr\/index.php\/tarifs\/#breadcrumb\",\"itemListElement\":[{\"@type\":\"ListItem\",\"position\":1,\"name\":\"Accueil\",\"item\":\"https:\/\/mariecabrejas.fr\/\"},{\"@type\":\"ListItem\",\"position\":2,\"name\":\"Tarifs\"}]},{\"@type\":\"WebSite\",\"@id\":\"https:\/\/mariecabrejas.fr\/#website\",\"url\":\"https:\/\/mariecabrejas.fr\/\",\"name\":\"Marie Cabrejas\",\"description\":\"Naturopathe\",\"publisher\":{\"@id\":\"https:\/\/mariecabrejas.fr\/#organization\"},\"potentialAction\":[{\"@type\":\"SearchAction\",\"target\":{\"@type\":\"EntryPoint\",\"urlTemplate\":\"https:\/\/mariecabrejas.fr\/?s={search_term_string}\"},\"query-input\":{\"@type\":\"PropertyValueSpecification\",\"valueRequired\":true,\"valueName\":\"search_term_string\"}}],\"inLanguage\":\"fr-FR\"},{\"@type\":\"Organization\",\"@id\":\"https:\/\/mariecabrejas.fr\/#organization\",\"name\":\"Marie Cabrejas\",\"url\":\"https:\/\/mariecabrejas.fr\/\",\"logo\":{\"@type\":\"ImageObject\",\"inLanguage\":\"fr-FR\",\"@id\":\"https:\/\/mariecabrejas.fr\/#\/schema\/logo\/image\/\",\"url\":\"https:\/\/mariecabrejas.fr\/wp-content\/uploads\/2023\/11\/cropped-Logo-blanc.png\",\"contentUrl\":\"https:\/\/mariecabrejas.fr\/wp-content\/uploads\/2023\/11\/cropped-Logo-blanc.png\",\"width\":1918,\"height\":578,\"caption\":\"Marie Cabrejas\"},\"image\":{\"@id\":\"https:\/\/mariecabrejas.fr\/#\/schema\/logo\/image\/\"}}]}<\/script>\n<!-- \/ Yoast SEO plugin. -->","yoast_head_json":{"title":"Tarifs - Marie Cabrejas","robots":{"index":"index","follow":"follow","max-snippet":"max-snippet:-1","max-image-preview":"max-image-preview:large","max-video-preview":"max-video-preview:-1"},"canonical":"https:\/\/mariecabrejas.fr\/index.php\/tarifs\/","og_locale":"fr_FR","og_type":"article","og_title":"Tarifs - Marie Cabrejas","og_description":"Premi\u00e8re consultation 65\u20ac\u00c0 Basse-Goulaine ou \u00e0 distance1h45 Consultation de suivi 50\u20ac\u00c0 Basse-Goulaine ou \u00e0 distance1h Accompagnement sur 6 mois 130\u20ac 1 premi\u00e8re consultation+ 2 consultations de suivi\u00c0 Basse-Goulaine ou \u00e0 distance1h45 + 1h + 1h Suivi alimentaire &amp; coaching nutritionnel40\u20ac \u00c0 Basse-Goulaine ou \u00e0 distance Possibilit\u00e9 de paiement en 4 fois via PaypalLes s\u00e9ances de&hellip;&nbsp;Lire la suite &raquo;Tarifs","og_url":"https:\/\/mariecabrejas.fr\/index.php\/tarifs\/","og_site_name":"Marie Cabrejas","article_modified_time":"2025-10-07T14:33:28+00:00","og_image":[{"width":2560,"height":1463,"url":"https:\/\/mariecabrejas.fr\/wp-content\/uploads\/2023\/12\/Firefly-image-de-plante-dans-les-couleurs-B4C6B7-C97D68-CCA69A-et-EADED5-66418-scaled.jpg","type":"image\/jpeg"}],"twitter_card":"summary_large_image","schema":{"@context":"https:\/\/schema.org","@graph":[{"@type":"WebPage","@id":"https:\/\/mariecabrejas.fr\/index.php\/tarifs\/","url":"https:\/\/mariecabrejas.fr\/index.php\/tarifs\/","name":"Tarifs - Marie Cabrejas","isPartOf":{"@id":"https:\/\/mariecabrejas.fr\/#website"},"primaryImageOfPage":{"@id":"https:\/\/mariecabrejas.fr\/index.php\/tarifs\/#primaryimage"},"image":{"@id":"https:\/\/mariecabrejas.fr\/index.php\/tarifs\/#primaryimage"},"thumbnailUrl":"https:\/\/mariecabrejas.fr\/wp-content\/uploads\/2023\/12\/Firefly-image-de-plante-dans-les-couleurs-B4C6B7-C97D68-CCA69A-et-EADED5-66418-scaled.jpg","datePublished":"2023-12-28T09:37:17+00:00","dateModified":"2025-10-07T14:33:28+00:00","breadcrumb":{"@id":"https:\/\/mariecabrejas.fr\/index.php\/tarifs\/#breadcrumb"},"inLanguage":"fr-FR","potentialAction":[{"@type":"ReadAction","target":["https:\/\/mariecabrejas.fr\/index.php\/tarifs\/"]}]},{"@type":"ImageObject","inLanguage":"fr-FR","@id":"https:\/\/mariecabrejas.fr\/index.php\/tarifs\/#primaryimage","url":"https:\/\/mariecabrejas.fr\/wp-content\/uploads\/2023\/12\/Firefly-image-de-plante-dans-les-couleurs-B4C6B7-C97D68-CCA69A-et-EADED5-66418-scaled.jpg","contentUrl":"https:\/\/mariecabrejas.fr\/wp-content\/uploads\/2023\/12\/Firefly-image-de-plante-dans-les-couleurs-B4C6B7-C97D68-CCA69A-et-EADED5-66418-scaled.jpg","width":2560,"height":1463},{"@type":"BreadcrumbList","@id":"https:\/\/mariecabrejas.fr\/index.php\/tarifs\/#breadcrumb","itemListElement":[{"@type":"ListItem","position":1,"name":"Accueil","item":"https:\/\/mariecabrejas.fr\/"},{"@type":"ListItem","position":2,"name":"Tarifs"}]},{"@type":"WebSite","@id":"https:\/\/mariecabrejas.fr\/#website","url":"https:\/\/mariecabrejas.fr\/","name":"Marie Cabrejas","description":"Naturopathe","publisher":{"@id":"https:\/\/mariecabrejas.fr\/#organization"},"potentialAction":[{"@type":"SearchAction","target":{"@type":"EntryPoint","urlTemplate":"https:\/\/mariecabrejas.fr\/?s={search_term_string}"},"query-input":{"@type":"PropertyValueSpecification","valueRequired":true,"valueName":"search_term_string"}}],"inLanguage":"fr-FR"},{"@type":"Organization","@id":"https:\/\/mariecabrejas.fr\/#organization","name":"Marie Cabrejas","url":"https:\/\/mariecabrejas.fr\/","logo":{"@type":"ImageObject","inLanguage":"fr-FR","@id":"https:\/\/mariecabrejas.fr\/#\/schema\/logo\/image\/","url":"https:\/\/mariecabrejas.fr\/wp-content\/uploads\/2023\/11\/cropped-Logo-blanc.png","contentUrl":"https:\/\/mariecabrejas.fr\/wp-content\/uploads\/2023\/11\/cropped-Logo-blanc.png","width":1918,"height":578,"caption":"Marie Cabrejas"},"image":{"@id":"https:\/\/mariecabrejas.fr\/#\/schema\/logo\/image\/"}}]}},"_links":{"self":[{"href":"https:\/\/mariecabrejas.fr\/index.php\/wp-json\/wp\/v2\/pages\/415","targetHints":{"allow":["GET"]}}],"collection":[{"href":"https:\/\/mariecabrejas.fr\/index.php\/wp-json\/wp\/v2\/pages"}],"about":[{"href":"https:\/\/mariecabrejas.fr\/index.php\/wp-json\/wp\/v2\/types\/page"}],"author":[{"embeddable":true,"href":"https:\/\/mariecabrejas.fr\/index.php\/wp-json\/wp\/v2\/users\/1"}],"replies":[{"embeddable":true,"href":"https:\/\/mariecabrejas.fr\/index.php\/wp-json\/wp\/v2\/comments?post=415"}],"version-history":[{"count":42,"href":"https:\/\/mariecabrejas.fr\/index.php\/wp-json\/wp\/v2\/pages\/415\/revisions"}],"predecessor-version":[{"id":822,"href":"https:\/\/mariecabrejas.fr\/index.php\/wp-json\/wp\/v2\/pages\/415\/revisions\/822"}],"wp:attachment":[{"href":"https:\/\/mariecabrejas.fr\/index.php\/wp-json\/wp\/v2\/media?parent=415"}],"curies":[{"name":"wp","href":"https:\/\/api.w.org\/{rel}","templated":true}]}}