{"id":785,"date":"2025-10-07T16:27:42","date_gmt":"2025-10-07T14:27:42","guid":{"rendered":"https:\/\/mariecabrejas.fr\/?page_id=785"},"modified":"2025-10-07T16:27:42","modified_gmt":"2025-10-07T14:27:42","slug":"suivi-alimentaire-coaching-nutritionnel","status":"publish","type":"page","link":"https:\/\/mariecabrejas.fr\/index.php\/suivi-alimentaire-coaching-nutritionnel\/","title":{"rendered":"Suivi alimentaire &amp; coaching nutritionnel"},"content":{"rendered":"\n<div class=\"wp-block-cover alignfull is-light has-parallax\"><div class=\"wp-block-cover__image-background wp-image-789 size-full has-parallax\" style=\"background-position:50% 50%;background-image:url(https:\/\/mariecabrejas.fr\/wp-content\/uploads\/2025\/10\/WhatsApp-Image-2025-10-02-at-16.07.52.jpeg)\"><\/div><span aria-hidden=\"true\" class=\"wp-block-cover__background has-background-dim-60 has-background-dim\" style=\"background-color:#cbbfb5\"><\/span><div class=\"wp-block-cover__inner-container is-layout-constrained wp-block-cover-is-layout-constrained\">\n<p class=\"has-text-align-center has-large-font-size\"><strong>Suivi alimentaire &amp;<br>Coaching nutritionnel<\/strong><\/p>\n<\/div><\/div>\n\n\n\n<div style=\"height:65px\" aria-hidden=\"true\" class=\"wp-block-spacer\"><\/div>\n\n\n\n<p class=\"has-text-align-center has-large-font-size\">Retrouver une relation apais\u00e9e et consciente avec votre alimentation<\/p>\n\n\n\n<p class=\"has-text-align-center my-justify-class\">Vous avez envie d\u2019adopter de meilleures habitudes alimentaires, de comprendre vos blocages, ou encore d\u2019explorer une alimentation v\u00e9g\u00e9tarienne, ou adapt\u00e9e \u00e0 votre pratique sportive ?<br>Je vous accompagne pas \u00e0 pas pour transformer votre alimentation, de fa\u00e7on simple, r\u00e9aliste et bienveillante.<\/p>\n\n\n\n<div style=\"height:37px\" aria-hidden=\"true\" class=\"wp-block-spacer\"><\/div>\n\n\n\n<div class=\"wp-block-cover alignfull is-light\"><span aria-hidden=\"true\" class=\"wp-block-cover__background has-nv-c-1-background-color has-background-dim\"><\/span><div class=\"wp-block-cover__inner-container is-layout-constrained wp-block-cover-is-layout-constrained\">\n<p><\/p>\n\n\n\n<h3 class=\"wp-block-heading has-text-align-center\">Pourquoi un suivi alimentaire<\/h3>\n\n\n\n<p class=\"has-text-align-center\">\ud83c\udf49 Apprendre \u00e0 \u00e9couter son corps, ses besoins et ses \u00e9motions<br>\ud83c\udf49 Se faire accompagner pour un changement alimentaire ou atteindre un objectif<br>\ud83c\udf49 Se lib\u00e9rer de la culpabilit\u00e9, des compulsions ou de la faim \u00e9motionnelle<br>\ud83c\udf49 Acqu\u00e9rir des bases solides pour une alimentation \u00e9quilibr\u00e9e et adapt\u00e9e \u00e0 votre rythme de vie<br>\ud83c\udf49 Progresser par \u00e9tapes, avec un soutien r\u00e9gulier et personnalis\u00e9<\/p>\n\n\n<div class=\"wp-block-image\">\n<figure class=\"aligncenter size-medium is-resized has-custom-border\"><img loading=\"lazy\" decoding=\"async\" width=\"300\" height=\"300\" src=\"https:\/\/mariecabrejas.fr\/wp-content\/uploads\/2025\/10\/Picsart_25-10-02_21-19-32-255-300x300.jpg\" alt=\"\" class=\"wp-image-805\" style=\"border-radius:100px;width:222px;height:auto\" srcset=\"https:\/\/mariecabrejas.fr\/wp-content\/uploads\/2025\/10\/Picsart_25-10-02_21-19-32-255-300x300.jpg 300w, https:\/\/mariecabrejas.fr\/wp-content\/uploads\/2025\/10\/Picsart_25-10-02_21-19-32-255-1024x1024.jpg 1024w, https:\/\/mariecabrejas.fr\/wp-content\/uploads\/2025\/10\/Picsart_25-10-02_21-19-32-255-150x150.jpg 150w, https:\/\/mariecabrejas.fr\/wp-content\/uploads\/2025\/10\/Picsart_25-10-02_21-19-32-255-768x768.jpg 768w, https:\/\/mariecabrejas.fr\/wp-content\/uploads\/2025\/10\/Picsart_25-10-02_21-19-32-255-1536x1536.jpg 1536w, https:\/\/mariecabrejas.fr\/wp-content\/uploads\/2025\/10\/Picsart_25-10-02_21-19-32-255-2048x2048.jpg 2048w\" sizes=\"auto, (max-width: 300px) 100vw, 300px\" \/><\/figure>\n<\/div><\/div><\/div>\n\n\n\n<div style=\"height:75px\" aria-hidden=\"true\" class=\"wp-block-spacer\"><\/div>\n\n\n\n<h2 class=\"wp-block-heading\">Comment se d\u00e9roule l&rsquo;accompagnement ?<\/h2>\n\n\n\n<p>Une s\u00e9ance dure 45 minutes<\/p>\n\n\n\n<p>Chaque s\u00e9ance de suivi est un moment d\u2019\u00e9change.<br>Nous faisons le point sur vos ressentis, vos avanc\u00e9es et vos \u00e9ventuelles difficult\u00e9s.<br>Ensemble, nous ajustons vos objectifs, d\u00e9couvrons de nouvelles pistes alimentaires et travaillons sur les aspects \u00e9motionnels ou pratiques qui peuvent freiner votre progression.<br>Vous repartez avec des conseils personnalis\u00e9s et des actions concr\u00e8tes \u00e0 mettre en place jusqu\u2019\u00e0 la prochaine rencontre.<\/p>\n\n\n\n<p><strong>Contrairement aux s\u00e9ances de naturopathie<\/strong>, ces rendez-vous sont plus courts et centr\u00e9s uniquement sur l\u2019alimentation. Ils ne remplacent pas un bilan complet, mais permettent un accompagnement r\u00e9gulier et cibl\u00e9 sur vos habitudes alimentaires et votre rapport \u00e0 la nourriture.<\/p>\n\n\n\n<div class=\"wp-block-buttons is-horizontal is-content-justification-center is-layout-flex wp-container-core-buttons-is-layout-8da1f4f9 wp-block-buttons-is-layout-flex\" style=\"padding-top:0;padding-bottom:0\">\n<div class=\"wp-block-button is-style-secondary\"><a class=\"wp-block-button__link has-text-align-center wp-element-button\" href=\"https:\/\/calendar.app.google\/BQQR3TC7XMsc9pTL8\" style=\"border-radius:100px\">Prendre rendez-vous<\/a><\/div>\n<\/div>\n\n\n\n<div style=\"height:54px\" aria-hidden=\"true\" class=\"wp-block-spacer\"><\/div>\n\n\n\n<p><\/p>\n","protected":false},"excerpt":{"rendered":"<p>Retrouver une relation apais\u00e9e et consciente avec votre alimentation Vous avez envie d\u2019adopter de meilleures habitudes alimentaires, de comprendre vos blocages, ou encore d\u2019explorer une alimentation v\u00e9g\u00e9tarienne, ou adapt\u00e9e \u00e0 votre pratique sportive ?Je vous accompagne pas \u00e0 pas pour transformer votre alimentation, de fa\u00e7on simple, r\u00e9aliste et bienveillante. Comment se d\u00e9roule l&rsquo;accompagnement ? Une&hellip;&nbsp;<a href=\"https:\/\/mariecabrejas.fr\/index.php\/suivi-alimentaire-coaching-nutritionnel\/\" rel=\"bookmark\">Lire la suite &raquo;<span class=\"screen-reader-text\">Suivi alimentaire &amp; coaching nutritionnel<\/span><\/a><\/p>\n","protected":false},"author":1,"featured_media":789,"parent":0,"menu_order":0,"comment_status":"closed","ping_status":"closed","template":"","meta":{"_monsterinsights_skip_tracking":false,"_monsterinsights_sitenote_active":false,"_monsterinsights_sitenote_note":"","_monsterinsights_sitenote_category":0,"neve_meta_sidebar":"","neve_meta_container":"","neve_meta_enable_content_width":"","neve_meta_content_width":0,"neve_meta_title_alignment":"","neve_meta_author_avatar":"","neve_post_elements_order":"","neve_meta_disable_header":"","neve_meta_disable_footer":"","neve_meta_disable_title":"on","footnotes":""},"class_list":["post-785","page","type-page","status-publish","has-post-thumbnail","hentry"],"yoast_head":"<!-- This site is optimized with the Yoast SEO plugin v26.8 - https:\/\/yoast.com\/product\/yoast-seo-wordpress\/ -->\n<title>Suivi alimentaire &amp; coaching nutritionnel - Marie Cabrejas<\/title>\n<meta name=\"robots\" content=\"index, follow, max-snippet:-1, max-image-preview:large, max-video-preview:-1\" \/>\n<link rel=\"canonical\" href=\"https:\/\/mariecabrejas.fr\/index.php\/suivi-alimentaire-coaching-nutritionnel\/\" \/>\n<meta property=\"og:locale\" content=\"fr_FR\" \/>\n<meta property=\"og:type\" content=\"article\" \/>\n<meta property=\"og:title\" content=\"Suivi alimentaire &amp; coaching nutritionnel - Marie Cabrejas\" \/>\n<meta property=\"og:description\" content=\"Retrouver une relation apais\u00e9e et consciente avec votre alimentation Vous avez envie d\u2019adopter de meilleures habitudes alimentaires, de comprendre vos blocages, ou encore d\u2019explorer une alimentation v\u00e9g\u00e9tarienne, ou adapt\u00e9e \u00e0 votre pratique sportive ?Je vous accompagne pas \u00e0 pas pour transformer votre alimentation, de fa\u00e7on simple, r\u00e9aliste et bienveillante. Comment se d\u00e9roule l&rsquo;accompagnement ? Une&hellip;&nbsp;Lire la suite &raquo;Suivi alimentaire &amp; coaching nutritionnel\" \/>\n<meta property=\"og:url\" content=\"https:\/\/mariecabrejas.fr\/index.php\/suivi-alimentaire-coaching-nutritionnel\/\" \/>\n<meta property=\"og:site_name\" content=\"Marie Cabrejas\" \/>\n<meta property=\"og:image\" content=\"http:\/\/mariecabrejas.fr\/wp-content\/uploads\/2025\/10\/WhatsApp-Image-2025-10-02-at-16.07.52.jpeg\" \/>\n\t<meta property=\"og:image:width\" content=\"1600\" \/>\n\t<meta property=\"og:image:height\" content=\"1066\" \/>\n\t<meta property=\"og:image:type\" content=\"image\/jpeg\" \/>\n<meta name=\"twitter:card\" content=\"summary_large_image\" \/>\n<meta name=\"twitter:label1\" content=\"Dur\u00e9e de lecture estim\u00e9e\" \/>\n\t<meta name=\"twitter:data1\" content=\"1 minute\" \/>\n<script type=\"application\/ld+json\" class=\"yoast-schema-graph\">{\"@context\":\"https:\/\/schema.org\",\"@graph\":[{\"@type\":\"WebPage\",\"@id\":\"https:\/\/mariecabrejas.fr\/index.php\/suivi-alimentaire-coaching-nutritionnel\/\",\"url\":\"https:\/\/mariecabrejas.fr\/index.php\/suivi-alimentaire-coaching-nutritionnel\/\",\"name\":\"Suivi alimentaire &amp; coaching nutritionnel - Marie Cabrejas\",\"isPartOf\":{\"@id\":\"https:\/\/mariecabrejas.fr\/#website\"},\"primaryImageOfPage\":{\"@id\":\"https:\/\/mariecabrejas.fr\/index.php\/suivi-alimentaire-coaching-nutritionnel\/#primaryimage\"},\"image\":{\"@id\":\"https:\/\/mariecabrejas.fr\/index.php\/suivi-alimentaire-coaching-nutritionnel\/#primaryimage\"},\"thumbnailUrl\":\"https:\/\/mariecabrejas.fr\/wp-content\/uploads\/2025\/10\/WhatsApp-Image-2025-10-02-at-16.07.52.jpeg\",\"datePublished\":\"2025-10-07T14:27:42+00:00\",\"breadcrumb\":{\"@id\":\"https:\/\/mariecabrejas.fr\/index.php\/suivi-alimentaire-coaching-nutritionnel\/#breadcrumb\"},\"inLanguage\":\"fr-FR\",\"potentialAction\":[{\"@type\":\"ReadAction\",\"target\":[\"https:\/\/mariecabrejas.fr\/index.php\/suivi-alimentaire-coaching-nutritionnel\/\"]}]},{\"@type\":\"ImageObject\",\"inLanguage\":\"fr-FR\",\"@id\":\"https:\/\/mariecabrejas.fr\/index.php\/suivi-alimentaire-coaching-nutritionnel\/#primaryimage\",\"url\":\"https:\/\/mariecabrejas.fr\/wp-content\/uploads\/2025\/10\/WhatsApp-Image-2025-10-02-at-16.07.52.jpeg\",\"contentUrl\":\"https:\/\/mariecabrejas.fr\/wp-content\/uploads\/2025\/10\/WhatsApp-Image-2025-10-02-at-16.07.52.jpeg\",\"width\":1600,\"height\":1066},{\"@type\":\"BreadcrumbList\",\"@id\":\"https:\/\/mariecabrejas.fr\/index.php\/suivi-alimentaire-coaching-nutritionnel\/#breadcrumb\",\"itemListElement\":[{\"@type\":\"ListItem\",\"position\":1,\"name\":\"Accueil\",\"item\":\"https:\/\/mariecabrejas.fr\/\"},{\"@type\":\"ListItem\",\"position\":2,\"name\":\"Suivi alimentaire &amp; coaching nutritionnel\"}]},{\"@type\":\"WebSite\",\"@id\":\"https:\/\/mariecabrejas.fr\/#website\",\"url\":\"https:\/\/mariecabrejas.fr\/\",\"name\":\"Marie Cabrejas\",\"description\":\"Naturopathe\",\"publisher\":{\"@id\":\"https:\/\/mariecabrejas.fr\/#organization\"},\"potentialAction\":[{\"@type\":\"SearchAction\",\"target\":{\"@type\":\"EntryPoint\",\"urlTemplate\":\"https:\/\/mariecabrejas.fr\/?s={search_term_string}\"},\"query-input\":{\"@type\":\"PropertyValueSpecification\",\"valueRequired\":true,\"valueName\":\"search_term_string\"}}],\"inLanguage\":\"fr-FR\"},{\"@type\":\"Organization\",\"@id\":\"https:\/\/mariecabrejas.fr\/#organization\",\"name\":\"Marie Cabrejas\",\"url\":\"https:\/\/mariecabrejas.fr\/\",\"logo\":{\"@type\":\"ImageObject\",\"inLanguage\":\"fr-FR\",\"@id\":\"https:\/\/mariecabrejas.fr\/#\/schema\/logo\/image\/\",\"url\":\"https:\/\/mariecabrejas.fr\/wp-content\/uploads\/2023\/11\/cropped-Logo-blanc.png\",\"contentUrl\":\"https:\/\/mariecabrejas.fr\/wp-content\/uploads\/2023\/11\/cropped-Logo-blanc.png\",\"width\":1918,\"height\":578,\"caption\":\"Marie Cabrejas\"},\"image\":{\"@id\":\"https:\/\/mariecabrejas.fr\/#\/schema\/logo\/image\/\"}}]}<\/script>\n<!-- \/ Yoast SEO plugin. -->","yoast_head_json":{"title":"Suivi alimentaire &amp; coaching nutritionnel - Marie Cabrejas","robots":{"index":"index","follow":"follow","max-snippet":"max-snippet:-1","max-image-preview":"max-image-preview:large","max-video-preview":"max-video-preview:-1"},"canonical":"https:\/\/mariecabrejas.fr\/index.php\/suivi-alimentaire-coaching-nutritionnel\/","og_locale":"fr_FR","og_type":"article","og_title":"Suivi alimentaire &amp; coaching nutritionnel - Marie Cabrejas","og_description":"Retrouver une relation apais\u00e9e et consciente avec votre alimentation Vous avez envie d\u2019adopter de meilleures habitudes alimentaires, de comprendre vos blocages, ou encore d\u2019explorer une alimentation v\u00e9g\u00e9tarienne, ou adapt\u00e9e \u00e0 votre pratique sportive ?Je vous accompagne pas \u00e0 pas pour transformer votre alimentation, de fa\u00e7on simple, r\u00e9aliste et bienveillante. Comment se d\u00e9roule l&rsquo;accompagnement ? Une&hellip;&nbsp;Lire la suite &raquo;Suivi alimentaire &amp; coaching nutritionnel","og_url":"https:\/\/mariecabrejas.fr\/index.php\/suivi-alimentaire-coaching-nutritionnel\/","og_site_name":"Marie Cabrejas","og_image":[{"width":1600,"height":1066,"url":"http:\/\/mariecabrejas.fr\/wp-content\/uploads\/2025\/10\/WhatsApp-Image-2025-10-02-at-16.07.52.jpeg","type":"image\/jpeg"}],"twitter_card":"summary_large_image","twitter_misc":{"Dur\u00e9e de lecture estim\u00e9e":"1 minute"},"schema":{"@context":"https:\/\/schema.org","@graph":[{"@type":"WebPage","@id":"https:\/\/mariecabrejas.fr\/index.php\/suivi-alimentaire-coaching-nutritionnel\/","url":"https:\/\/mariecabrejas.fr\/index.php\/suivi-alimentaire-coaching-nutritionnel\/","name":"Suivi alimentaire &amp; coaching nutritionnel - Marie Cabrejas","isPartOf":{"@id":"https:\/\/mariecabrejas.fr\/#website"},"primaryImageOfPage":{"@id":"https:\/\/mariecabrejas.fr\/index.php\/suivi-alimentaire-coaching-nutritionnel\/#primaryimage"},"image":{"@id":"https:\/\/mariecabrejas.fr\/index.php\/suivi-alimentaire-coaching-nutritionnel\/#primaryimage"},"thumbnailUrl":"https:\/\/mariecabrejas.fr\/wp-content\/uploads\/2025\/10\/WhatsApp-Image-2025-10-02-at-16.07.52.jpeg","datePublished":"2025-10-07T14:27:42+00:00","breadcrumb":{"@id":"https:\/\/mariecabrejas.fr\/index.php\/suivi-alimentaire-coaching-nutritionnel\/#breadcrumb"},"inLanguage":"fr-FR","potentialAction":[{"@type":"ReadAction","target":["https:\/\/mariecabrejas.fr\/index.php\/suivi-alimentaire-coaching-nutritionnel\/"]}]},{"@type":"ImageObject","inLanguage":"fr-FR","@id":"https:\/\/mariecabrejas.fr\/index.php\/suivi-alimentaire-coaching-nutritionnel\/#primaryimage","url":"https:\/\/mariecabrejas.fr\/wp-content\/uploads\/2025\/10\/WhatsApp-Image-2025-10-02-at-16.07.52.jpeg","contentUrl":"https:\/\/mariecabrejas.fr\/wp-content\/uploads\/2025\/10\/WhatsApp-Image-2025-10-02-at-16.07.52.jpeg","width":1600,"height":1066},{"@type":"BreadcrumbList","@id":"https:\/\/mariecabrejas.fr\/index.php\/suivi-alimentaire-coaching-nutritionnel\/#breadcrumb","itemListElement":[{"@type":"ListItem","position":1,"name":"Accueil","item":"https:\/\/mariecabrejas.fr\/"},{"@type":"ListItem","position":2,"name":"Suivi alimentaire &amp; coaching nutritionnel"}]},{"@type":"WebSite","@id":"https:\/\/mariecabrejas.fr\/#website","url":"https:\/\/mariecabrejas.fr\/","name":"Marie Cabrejas","description":"Naturopathe","publisher":{"@id":"https:\/\/mariecabrejas.fr\/#organization"},"potentialAction":[{"@type":"SearchAction","target":{"@type":"EntryPoint","urlTemplate":"https:\/\/mariecabrejas.fr\/?s={search_term_string}"},"query-input":{"@type":"PropertyValueSpecification","valueRequired":true,"valueName":"search_term_string"}}],"inLanguage":"fr-FR"},{"@type":"Organization","@id":"https:\/\/mariecabrejas.fr\/#organization","name":"Marie Cabrejas","url":"https:\/\/mariecabrejas.fr\/","logo":{"@type":"ImageObject","inLanguage":"fr-FR","@id":"https:\/\/mariecabrejas.fr\/#\/schema\/logo\/image\/","url":"https:\/\/mariecabrejas.fr\/wp-content\/uploads\/2023\/11\/cropped-Logo-blanc.png","contentUrl":"https:\/\/mariecabrejas.fr\/wp-content\/uploads\/2023\/11\/cropped-Logo-blanc.png","width":1918,"height":578,"caption":"Marie Cabrejas"},"image":{"@id":"https:\/\/mariecabrejas.fr\/#\/schema\/logo\/image\/"}}]}},"_links":{"self":[{"href":"https:\/\/mariecabrejas.fr\/index.php\/wp-json\/wp\/v2\/pages\/785","targetHints":{"allow":["GET"]}}],"collection":[{"href":"https:\/\/mariecabrejas.fr\/index.php\/wp-json\/wp\/v2\/pages"}],"about":[{"href":"https:\/\/mariecabrejas.fr\/index.php\/wp-json\/wp\/v2\/types\/page"}],"author":[{"embeddable":true,"href":"https:\/\/mariecabrejas.fr\/index.php\/wp-json\/wp\/v2\/users\/1"}],"replies":[{"embeddable":true,"href":"https:\/\/mariecabrejas.fr\/index.php\/wp-json\/wp\/v2\/comments?post=785"}],"version-history":[{"count":20,"href":"https:\/\/mariecabrejas.fr\/index.php\/wp-json\/wp\/v2\/pages\/785\/revisions"}],"predecessor-version":[{"id":812,"href":"https:\/\/mariecabrejas.fr\/index.php\/wp-json\/wp\/v2\/pages\/785\/revisions\/812"}],"wp:featuredmedia":[{"embeddable":true,"href":"https:\/\/mariecabrejas.fr\/index.php\/wp-json\/wp\/v2\/media\/789"}],"wp:attachment":[{"href":"https:\/\/mariecabrejas.fr\/index.php\/wp-json\/wp\/v2\/media?parent=785"}],"curies":[{"name":"wp","href":"https:\/\/api.w.org\/{rel}","templated":true}]}}